{"id":908,"date":"2021-05-10T19:43:13","date_gmt":"2021-05-10T19:43:13","guid":{"rendered":"https:\/\/mageotec.com.mx\/?page_id=908"},"modified":"2021-11-28T23:29:37","modified_gmt":"2021-11-28T23:29:37","slug":"maquinado-cnc","status":"publish","type":"page","link":"https:\/\/mageotec.com.mx\/index.php\/maquinado-cnc\/","title":{"rendered":"Centro de Maquinado CNC"},"content":{"rendered":"\t\t<div data-elementor-type=\"wp-post\" data-elementor-id=\"908\" class=\"elementor elementor-908\">\n\t\t\t\t\t\t<section class=\"elementor-section elementor-top-section elementor-element elementor-element-5a43f05 elementor-section-boxed elementor-section-height-default elementor-section-height-default\" data-id=\"5a43f05\" data-element_type=\"section\" data-settings=\"{&quot;background_background&quot;:&quot;classic&quot;,&quot;shape_divider_bottom&quot;:&quot;clouds&quot;}\" data-e-bg-lazyload=\"\">\n\t\t\t\t\t\t\t<div class=\"elementor-background-overlay\"><\/div>\n\t\t\t\t\t\t<div class=\"elementor-shape elementor-shape-bottom\" data-negative=\"false\">\n\t\t\t<svg xmlns=\"http:\/\/www.w3.org\/2000\/svg\" viewBox=\"0 0 283.5 27.8\" preserveAspectRatio=\"xMidYMax slice\">\n  <path class=\"elementor-shape-fill\" d=\"M0 0v6.7c1.9-.8 4.7-1.4 8.5-1 9.5 1.1 11.1 6 11.1 6s2.1-.7 4.3-.2c2.1.5 2.8 2.6 2.8 2.6s.2-.5 1.4-.7c1.2-.2 1.7.2 1.7.2s0-2.1 1.9-2.8c1.9-.7 3.6.7 3.6.7s.7-2.9 3.1-4.1 4.7 0 4.7 0 1.2-.5 2.4 0 1.7 1.4 1.7 1.4h1.4c.7 0 1.2.7 1.2.7s.8-1.8 4-2.2c3.5-.4 5.3 2.4 6.2 4.4.4-.4 1-.7 1.8-.9 2.8-.7 4 .7 4 .7s1.7-5 11.1-6c9.5-1.1 12.3 3.9 12.3 3.9s1.2-4.8 5.7-5.7c4.5-.9 6.8 1.8 6.8 1.8s.6-.6 1.5-.9c.9-.2 1.9-.2 1.9-.2s5.2-6.4 12.6-3.3c7.3 3.1 4.7 9 4.7 9s1.9-.9 4 0 2.8 2.4 2.8 2.4 1.9-1.2 4.5-1.2 4.3 1.2 4.3 1.2.2-1 1.4-1.7 2.1-.7 2.1-.7-.5-3.1 2.1-5.5 5.7-1.4 5.7-1.4 1.5-2.3 4.2-1.1c2.7 1.2 1.7 5.2 1.7 5.2s.3-.1 1.3.5c.5.4.8.8.9 1.1.5-1.4 2.4-5.8 8.4-4 7.1 2.1 3.5 8.9 3.5 8.9s.8-.4 2 0 1.1 1.1 1.1 1.1 1.1-1.1 2.3-1.1 2.1.5 2.1.5 1.9-3.6 6.2-1.2 1.9 6.4 1.9 6.4 2.6-2.4 7.4 0c3.4 1.7 3.9 4.9 3.9 4.9s3.3-6.9 10.4-7.9 11.5 2.6 11.5 2.6.8 0 1.2.2c.4.2.9.9.9.9s4.4-3.1 8.3.2c1.9 1.7 1.5 5 1.5 5s.3-1.1 1.6-1.4c1.3-.3 2.3.2 2.3.2s-.1-1.2.5-1.9 1.9-.9 1.9-.9-4.7-9.3 4.4-13.4c5.6-2.5 9.2.9 9.2.9s5-6.2 15.9-6.2 16.1 8.1 16.1 8.1.7-.2 1.6-.4V0H0z\"\/>\n<\/svg>\n\t\t<\/div>\n\t\t\t\t\t<div class=\"elementor-container elementor-column-gap-default\">\n\t\t\t\t\t<div class=\"elementor-column elementor-col-100 elementor-top-column elementor-element elementor-element-9e84aa0\" data-id=\"9e84aa0\" data-element_type=\"column\">\n\t\t\t<div class=\"elementor-widget-wrap elementor-element-populated\">\n\t\t\t\t\t\t<div class=\"elementor-element elementor-element-a41d7cc elementor-widget elementor-widget-heading\" data-id=\"a41d7cc\" data-element_type=\"widget\" data-widget_type=\"heading.default\">\n\t\t\t\t<div class=\"elementor-widget-container\">\n\t\t\t<h2 class=\"elementor-heading-title elementor-size-default\">Centro de Maquinado CNC<\/h2>\t\t<\/div>\n\t\t\t\t<\/div>\n\t\t\t\t<div class=\"elementor-element elementor-element-6dad6d2 elementor-widget elementor-widget-attesa-extra-divider\" data-id=\"6dad6d2\" data-element_type=\"widget\" data-widget_type=\"attesa-extra-divider.default\">\n\t\t\t\t<div class=\"elementor-widget-container\">\n\t\t\t\t\t<div class=\"attesa-extra-divider-wrap position_center\">\r\n\t\t\t<div class=\"attesa-extra-divider attesa-divider-before\"><\/div>\r\n\t\t\t\t\t\t\t<div class=\"attesa-divider-middle\"><i class=\"fa fa-server\"><\/i><\/div>\r\n\t\t\t\t\t\t<div class=\"attesa-extra-divider attesa-divider-after\"><\/div>\r\n\t\t<\/div>\r\n\t\t\t\t<\/div>\n\t\t\t\t<\/div>\n\t\t\t\t\t<\/div>\n\t\t<\/div>\n\t\t\t\t\t<\/div>\n\t\t<\/section>\n\t\t\t\t<section class=\"elementor-section elementor-top-section elementor-element elementor-element-28a05c9 elementor-section-boxed elementor-section-height-default elementor-section-height-default\" data-id=\"28a05c9\" data-element_type=\"section\">\n\t\t\t\t\t\t<div class=\"elementor-container elementor-column-gap-default\">\n\t\t\t\t\t<div class=\"elementor-column elementor-col-100 elementor-top-column elementor-element elementor-element-01e397c\" data-id=\"01e397c\" data-element_type=\"column\">\n\t\t\t<div class=\"elementor-widget-wrap elementor-element-populated\">\n\t\t\t\t\t\t<div class=\"elementor-element elementor-element-7ed3145 elementor-widget elementor-widget-spacer\" data-id=\"7ed3145\" data-element_type=\"widget\" data-widget_type=\"spacer.default\">\n\t\t\t\t<div class=\"elementor-widget-container\">\n\t\t\t\t\t<div class=\"elementor-spacer\">\n\t\t\t<div class=\"elementor-spacer-inner\"><\/div>\n\t\t<\/div>\n\t\t\t\t<\/div>\n\t\t\t\t<\/div>\n\t\t\t\t\t<\/div>\n\t\t<\/div>\n\t\t\t\t\t<\/div>\n\t\t<\/section>\n\t\t\t\t<section class=\"elementor-section elementor-top-section elementor-element elementor-element-3e93902d elementor-section-height-min-height elementor-section-items-bottom elementor-section-boxed elementor-section-height-default\" data-id=\"3e93902d\" data-element_type=\"section\" data-settings=\"{&quot;background_background&quot;:&quot;classic&quot;}\" data-e-bg-lazyload=\".elementor-background-overlay\">\n\t\t\t\t\t\t\t<div class=\"elementor-background-overlay\"><\/div>\n\t\t\t\t\t\t\t<div class=\"elementor-container elementor-column-gap-no\">\n\t\t\t\t\t<div class=\"elementor-column elementor-col-100 elementor-top-column elementor-element elementor-element-6f3d4244\" data-id=\"6f3d4244\" data-element_type=\"column\">\n\t\t\t<div class=\"elementor-widget-wrap elementor-element-populated\">\n\t\t\t\t\t\t<section class=\"elementor-section elementor-inner-section elementor-element elementor-element-645e24b5 elementor-section-height-min-height elementor-section-content-middle elementor-reverse-mobile elementor-section-boxed elementor-section-height-default\" data-id=\"645e24b5\" data-element_type=\"section\">\n\t\t\t\t\t\t<div class=\"elementor-container elementor-column-gap-no\">\n\t\t\t\t\t<div class=\"elementor-column elementor-col-50 elementor-inner-column elementor-element elementor-element-30ea17c6\" data-id=\"30ea17c6\" data-element_type=\"column\">\n\t\t\t<div class=\"elementor-widget-wrap elementor-element-populated\">\n\t\t\t\t\t\t<div class=\"elementor-element elementor-element-46b52c54 elementor-invisible elementor-widget elementor-widget-heading\" data-id=\"46b52c54\" data-element_type=\"widget\" data-settings=\"{&quot;_animation&quot;:&quot;fadeInLeft&quot;}\" data-widget_type=\"heading.default\">\n\t\t\t\t<div class=\"elementor-widget-container\">\n\t\t\t<h1 class=\"elementor-heading-title elementor-size-default\">Centro de Maquinado CNC<\/h1>\t\t<\/div>\n\t\t\t\t<\/div>\n\t\t\t\t<div class=\"elementor-element elementor-element-7119f44a elementor-invisible elementor-widget elementor-widget-heading\" data-id=\"7119f44a\" data-element_type=\"widget\" data-settings=\"{&quot;_animation&quot;:&quot;fadeInLeft&quot;}\" data-widget_type=\"heading.default\">\n\t\t\t\t<div class=\"elementor-widget-container\">\n\t\t\t<p class=\"elementor-heading-title elementor-size-default\">M\u00e1quina automatizada capaz de realizar m\u00faltiples operaciones de maquinado en una\ninstalaci\u00f3n bajo CNC (control num\u00e9rico por computadora) con la m\u00ednima intervenci\u00f3n\nhumana. Las operaciones t\u00edpicas son aquellas que usan herramientas de corte rotatorio\ncomo cortadores y brocas. Este sistema de mecanizado destaca por su velocidad de\nproducci\u00f3n como ventaja y los altos costos como desventaja.<\/p>\t\t<\/div>\n\t\t\t\t<\/div>\n\t\t\t\t\t<\/div>\n\t\t<\/div>\n\t\t\t\t<div class=\"elementor-column elementor-col-50 elementor-inner-column elementor-element elementor-element-4a5bf3ee\" data-id=\"4a5bf3ee\" data-element_type=\"column\">\n\t\t\t<div class=\"elementor-widget-wrap elementor-element-populated\">\n\t\t\t\t\t\t<div class=\"elementor-element elementor-element-70ec1609 elementor-invisible elementor-widget elementor-widget-image\" data-id=\"70ec1609\" data-element_type=\"widget\" data-settings=\"{&quot;_animation&quot;:&quot;fadeIn&quot;}\" data-widget_type=\"image.default\">\n\t\t\t\t<div class=\"elementor-widget-container\">\n\t\t\t\t\t\t\t\t\t\t\t\t\t<img fetchpriority=\"high\" decoding=\"async\" width=\"1190\" height=\"672\" src=\"https:\/\/mageotec.com.mx\/wp-content\/uploads\/2021\/05\/Integrex_Multitarea_Intermaher.jpeg\" class=\"attachment-full size-full wp-image-578\" alt=\"\" srcset=\"https:\/\/mageotec.com.mx\/wp-content\/uploads\/2021\/05\/Integrex_Multitarea_Intermaher.jpeg 1190w, https:\/\/mageotec.com.mx\/wp-content\/uploads\/2021\/05\/Integrex_Multitarea_Intermaher-300x169.jpeg 300w, https:\/\/mageotec.com.mx\/wp-content\/uploads\/2021\/05\/Integrex_Multitarea_Intermaher-1024x578.jpeg 1024w, https:\/\/mageotec.com.mx\/wp-content\/uploads\/2021\/05\/Integrex_Multitarea_Intermaher-768x434.jpeg 768w, https:\/\/mageotec.com.mx\/wp-content\/uploads\/2021\/05\/Integrex_Multitarea_Intermaher-850x480.jpeg 850w\" sizes=\"(max-width: 1190px) 100vw, 1190px\" \/>\t\t\t\t\t\t\t\t\t\t\t\t\t<\/div>\n\t\t\t\t<\/div>\n\t\t\t\t\t<\/div>\n\t\t<\/div>\n\t\t\t\t\t<\/div>\n\t\t<\/section>\n\t\t\t\t\t<\/div>\n\t\t<\/div>\n\t\t\t\t\t<\/div>\n\t\t<\/section>\n\t\t\t\t<\/div>\n\t\t","protected":false},"excerpt":{"rendered":"<p>Centro de Maquinado CNC Centro de Maquinado CNC M\u00e1quina automatizada capaz de realizar m\u00faltiples operaciones de maquinado en una instalaci\u00f3n bajo CNC (control num\u00e9rico por computadora) con la m\u00ednima intervenci\u00f3n humana. Las operaciones t\u00edpicas son aquellas que usan herramientas de corte rotatorio como cortadores y brocas. Este sistema de mecanizado destaca por su velocidad de&hellip;<\/p>\n","protected":false},"author":2,"featured_media":0,"parent":0,"menu_order":0,"comment_status":"closed","ping_status":"closed","template":"elementor_theme","meta":{"footnotes":""},"yoast_head":"<!-- This site is optimized with the Yoast SEO plugin v20.2.1 - https:\/\/yoast.com\/wordpress\/plugins\/seo\/ -->\n<title>Centro de Maquinado CNC - Mageotec<\/title>\n<meta name=\"robots\" content=\"index, follow, max-snippet:-1, max-image-preview:large, max-video-preview:-1\" \/>\n<link rel=\"canonical\" href=\"https:\/\/mageotec.com.mx\/index.php\/maquinado-cnc\/\" \/>\n<meta property=\"og:locale\" content=\"es_ES\" \/>\n<meta property=\"og:type\" content=\"article\" \/>\n<meta property=\"og:title\" content=\"Centro de Maquinado CNC - Mageotec\" \/>\n<meta property=\"og:description\" content=\"Centro de Maquinado CNC Centro de Maquinado CNC M\u00e1quina automatizada capaz de realizar m\u00faltiples operaciones de maquinado en una instalaci\u00f3n bajo CNC (control num\u00e9rico por computadora) con la m\u00ednima intervenci\u00f3n humana. Las operaciones t\u00edpicas son aquellas que usan herramientas de corte rotatorio como cortadores y brocas. Este sistema de mecanizado destaca por su velocidad de&hellip;\" \/>\n<meta property=\"og:url\" content=\"https:\/\/mageotec.com.mx\/index.php\/maquinado-cnc\/\" \/>\n<meta property=\"og:site_name\" content=\"Mageotec\" \/>\n<meta property=\"article:modified_time\" content=\"2021-11-28T23:29:37+00:00\" \/>\n<meta property=\"og:image\" content=\"https:\/\/mageotec.com.mx\/wp-content\/uploads\/2021\/05\/Integrex_Multitarea_Intermaher.jpeg\" \/>\n<meta name=\"twitter:card\" content=\"summary_large_image\" \/>\n<script type=\"application\/ld+json\" class=\"yoast-schema-graph\">{\"@context\":\"https:\/\/schema.org\",\"@graph\":[{\"@type\":\"WebPage\",\"@id\":\"https:\/\/mageotec.com.mx\/index.php\/maquinado-cnc\/\",\"url\":\"https:\/\/mageotec.com.mx\/index.php\/maquinado-cnc\/\",\"name\":\"Centro de Maquinado CNC - Mageotec\",\"isPartOf\":{\"@id\":\"https:\/\/mageotec.com.mx\/#website\"},\"datePublished\":\"2021-05-10T19:43:13+00:00\",\"dateModified\":\"2021-11-28T23:29:37+00:00\",\"breadcrumb\":{\"@id\":\"https:\/\/mageotec.com.mx\/index.php\/maquinado-cnc\/#breadcrumb\"},\"inLanguage\":\"es\",\"potentialAction\":[{\"@type\":\"ReadAction\",\"target\":[\"https:\/\/mageotec.com.mx\/index.php\/maquinado-cnc\/\"]}]},{\"@type\":\"BreadcrumbList\",\"@id\":\"https:\/\/mageotec.com.mx\/index.php\/maquinado-cnc\/#breadcrumb\",\"itemListElement\":[{\"@type\":\"ListItem\",\"position\":1,\"name\":\"Portada\",\"item\":\"https:\/\/mageotec.com.mx\/\"},{\"@type\":\"ListItem\",\"position\":2,\"name\":\"Centro de Maquinado CNC\"}]},{\"@type\":\"WebSite\",\"@id\":\"https:\/\/mageotec.com.mx\/#website\",\"url\":\"https:\/\/mageotec.com.mx\/\",\"name\":\"Mageotec\",\"description\":\"\",\"publisher\":{\"@id\":\"https:\/\/mageotec.com.mx\/#organization\"},\"potentialAction\":[{\"@type\":\"SearchAction\",\"target\":{\"@type\":\"EntryPoint\",\"urlTemplate\":\"https:\/\/mageotec.com.mx\/?s={search_term_string}\"},\"query-input\":\"required name=search_term_string\"}],\"inLanguage\":\"es\"},{\"@type\":\"Organization\",\"@id\":\"https:\/\/mageotec.com.mx\/#organization\",\"name\":\"Mageotec\",\"url\":\"https:\/\/mageotec.com.mx\/\",\"logo\":{\"@type\":\"ImageObject\",\"inLanguage\":\"es\",\"@id\":\"https:\/\/mageotec.com.mx\/#\/schema\/logo\/image\/\",\"url\":\"https:\/\/mageotec.com.mx\/wp-content\/uploads\/2021\/04\/cropped-1-1.png\",\"contentUrl\":\"https:\/\/mageotec.com.mx\/wp-content\/uploads\/2021\/04\/cropped-1-1.png\",\"width\":367,\"height\":89,\"caption\":\"Mageotec\"},\"image\":{\"@id\":\"https:\/\/mageotec.com.mx\/#\/schema\/logo\/image\/\"}}]}<\/script>\n<!-- \/ Yoast SEO plugin. -->","yoast_head_json":{"title":"Centro de Maquinado CNC - Mageotec","robots":{"index":"index","follow":"follow","max-snippet":"max-snippet:-1","max-image-preview":"max-image-preview:large","max-video-preview":"max-video-preview:-1"},"canonical":"https:\/\/mageotec.com.mx\/index.php\/maquinado-cnc\/","og_locale":"es_ES","og_type":"article","og_title":"Centro de Maquinado CNC - Mageotec","og_description":"Centro de Maquinado CNC Centro de Maquinado CNC M\u00e1quina automatizada capaz de realizar m\u00faltiples operaciones de maquinado en una instalaci\u00f3n bajo CNC (control num\u00e9rico por computadora) con la m\u00ednima intervenci\u00f3n humana. Las operaciones t\u00edpicas son aquellas que usan herramientas de corte rotatorio como cortadores y brocas. Este sistema de mecanizado destaca por su velocidad de&hellip;","og_url":"https:\/\/mageotec.com.mx\/index.php\/maquinado-cnc\/","og_site_name":"Mageotec","article_modified_time":"2021-11-28T23:29:37+00:00","og_image":[{"url":"https:\/\/mageotec.com.mx\/wp-content\/uploads\/2021\/05\/Integrex_Multitarea_Intermaher.jpeg"}],"twitter_card":"summary_large_image","schema":{"@context":"https:\/\/schema.org","@graph":[{"@type":"WebPage","@id":"https:\/\/mageotec.com.mx\/index.php\/maquinado-cnc\/","url":"https:\/\/mageotec.com.mx\/index.php\/maquinado-cnc\/","name":"Centro de Maquinado CNC - Mageotec","isPartOf":{"@id":"https:\/\/mageotec.com.mx\/#website"},"datePublished":"2021-05-10T19:43:13+00:00","dateModified":"2021-11-28T23:29:37+00:00","breadcrumb":{"@id":"https:\/\/mageotec.com.mx\/index.php\/maquinado-cnc\/#breadcrumb"},"inLanguage":"es","potentialAction":[{"@type":"ReadAction","target":["https:\/\/mageotec.com.mx\/index.php\/maquinado-cnc\/"]}]},{"@type":"BreadcrumbList","@id":"https:\/\/mageotec.com.mx\/index.php\/maquinado-cnc\/#breadcrumb","itemListElement":[{"@type":"ListItem","position":1,"name":"Portada","item":"https:\/\/mageotec.com.mx\/"},{"@type":"ListItem","position":2,"name":"Centro de Maquinado CNC"}]},{"@type":"WebSite","@id":"https:\/\/mageotec.com.mx\/#website","url":"https:\/\/mageotec.com.mx\/","name":"Mageotec","description":"","publisher":{"@id":"https:\/\/mageotec.com.mx\/#organization"},"potentialAction":[{"@type":"SearchAction","target":{"@type":"EntryPoint","urlTemplate":"https:\/\/mageotec.com.mx\/?s={search_term_string}"},"query-input":"required name=search_term_string"}],"inLanguage":"es"},{"@type":"Organization","@id":"https:\/\/mageotec.com.mx\/#organization","name":"Mageotec","url":"https:\/\/mageotec.com.mx\/","logo":{"@type":"ImageObject","inLanguage":"es","@id":"https:\/\/mageotec.com.mx\/#\/schema\/logo\/image\/","url":"https:\/\/mageotec.com.mx\/wp-content\/uploads\/2021\/04\/cropped-1-1.png","contentUrl":"https:\/\/mageotec.com.mx\/wp-content\/uploads\/2021\/04\/cropped-1-1.png","width":367,"height":89,"caption":"Mageotec"},"image":{"@id":"https:\/\/mageotec.com.mx\/#\/schema\/logo\/image\/"}}]}},"_links":{"self":[{"href":"https:\/\/mageotec.com.mx\/index.php\/wp-json\/wp\/v2\/pages\/908"}],"collection":[{"href":"https:\/\/mageotec.com.mx\/index.php\/wp-json\/wp\/v2\/pages"}],"about":[{"href":"https:\/\/mageotec.com.mx\/index.php\/wp-json\/wp\/v2\/types\/page"}],"author":[{"embeddable":true,"href":"https:\/\/mageotec.com.mx\/index.php\/wp-json\/wp\/v2\/users\/2"}],"replies":[{"embeddable":true,"href":"https:\/\/mageotec.com.mx\/index.php\/wp-json\/wp\/v2\/comments?post=908"}],"version-history":[{"count":16,"href":"https:\/\/mageotec.com.mx\/index.php\/wp-json\/wp\/v2\/pages\/908\/revisions"}],"predecessor-version":[{"id":1527,"href":"https:\/\/mageotec.com.mx\/index.php\/wp-json\/wp\/v2\/pages\/908\/revisions\/1527"}],"wp:attachment":[{"href":"https:\/\/mageotec.com.mx\/index.php\/wp-json\/wp\/v2\/media?parent=908"}],"curies":[{"name":"wp","href":"https:\/\/api.w.org\/{rel}","templated":true}]}}