{"id":882,"date":"2021-05-10T18:23:37","date_gmt":"2021-05-10T18:23:37","guid":{"rendered":"https:\/\/mageotec.com.mx\/?page_id=882"},"modified":"2021-12-07T23:36:05","modified_gmt":"2021-12-07T23:36:05","slug":"infraestructura","status":"publish","type":"page","link":"https:\/\/mageotec.com.mx\/index.php\/infraestructura\/","title":{"rendered":"Dise\u00f1o de infraestructura para la fabricaci\u00f3n y empaque de dispositivos m\u00e9dicos"},"content":{"rendered":"\t\t<div data-elementor-type=\"wp-post\" data-elementor-id=\"882\" class=\"elementor elementor-882\">\n\t\t\t\t\t\t<section class=\"elementor-section elementor-top-section elementor-element elementor-element-5a43f05 elementor-section-height-min-height elementor-section-boxed elementor-section-height-default elementor-section-items-middle\" data-id=\"5a43f05\" data-element_type=\"section\" data-settings=\"{&quot;background_background&quot;:&quot;classic&quot;}\" data-e-bg-lazyload=\"\">\n\t\t\t\t\t\t\t<div class=\"elementor-background-overlay\"><\/div>\n\t\t\t\t\t\t\t<div class=\"elementor-container elementor-column-gap-default\">\n\t\t\t\t\t<div class=\"elementor-column elementor-col-100 elementor-top-column elementor-element elementor-element-66d75aa elementor-hidden-phone\" data-id=\"66d75aa\" data-element_type=\"column\">\n\t\t\t<div class=\"elementor-widget-wrap elementor-element-populated\">\n\t\t\t\t\t\t<div class=\"elementor-element elementor-element-8ad7ec4 elementor-widget elementor-widget-heading\" data-id=\"8ad7ec4\" data-element_type=\"widget\" data-widget_type=\"heading.default\">\n\t\t\t\t<div class=\"elementor-widget-container\">\n\t\t\t<h2 class=\"elementor-heading-title elementor-size-default\">Consultoria y Dise\u00f1o de Plantas Para Manufactura de Dispositivos M\u00e9dicos<\/h2>\t\t<\/div>\n\t\t\t\t<\/div>\n\t\t\t\t\t<\/div>\n\t\t<\/div>\n\t\t\t\t\t<\/div>\n\t\t<\/section>\n\t\t\t\t<section class=\"elementor-section elementor-top-section elementor-element elementor-element-30cfe91 elementor-section-boxed elementor-section-height-default elementor-section-height-default elementor-invisible\" data-id=\"30cfe91\" data-element_type=\"section\" data-settings=\"{&quot;background_background&quot;:&quot;classic&quot;,&quot;animation&quot;:&quot;fadeIn&quot;,&quot;animation_mobile&quot;:&quot;none&quot;}\">\n\t\t\t\t\t\t<div class=\"elementor-container elementor-column-gap-default\">\n\t\t\t\t\t<div class=\"elementor-column elementor-col-50 elementor-top-column elementor-element elementor-element-c0f9e12 elementor-invisible\" data-id=\"c0f9e12\" data-element_type=\"column\" data-settings=\"{&quot;background_background&quot;:&quot;classic&quot;,&quot;animation&quot;:&quot;fadeInLeft&quot;,&quot;animation_mobile&quot;:&quot;fadeInUp&quot;}\">\n\t\t\t<div class=\"elementor-widget-wrap elementor-element-populated\">\n\t\t\t\t\t\t<div class=\"elementor-element elementor-element-a50e92a elementor-widget elementor-widget-spacer\" data-id=\"a50e92a\" data-element_type=\"widget\" data-widget_type=\"spacer.default\">\n\t\t\t\t<div class=\"elementor-widget-container\">\n\t\t\t\t\t<div class=\"elementor-spacer\">\n\t\t\t<div class=\"elementor-spacer-inner\"><\/div>\n\t\t<\/div>\n\t\t\t\t<\/div>\n\t\t\t\t<\/div>\n\t\t\t\t<div class=\"elementor-element elementor-element-6f3d6a1 elementor-widget elementor-widget-heading\" data-id=\"6f3d6a1\" data-element_type=\"widget\" data-widget_type=\"heading.default\">\n\t\t\t\t<div class=\"elementor-widget-container\">\n\t\t\t<h2 class=\"elementor-heading-title elementor-size-default\">CONSULTORIA<\/h2>\t\t<\/div>\n\t\t\t\t<\/div>\n\t\t\t\t<div class=\"elementor-element elementor-element-f233967 elementor-widget elementor-widget-heading\" data-id=\"f233967\" data-element_type=\"widget\" data-widget_type=\"heading.default\">\n\t\t\t\t<div class=\"elementor-widget-container\">\n\t\t\t<h2 class=\"elementor-heading-title elementor-size-default\">Dise\u00f1o De Plantas<\/h2>\t\t<\/div>\n\t\t\t\t<\/div>\n\t\t\t\t<div class=\"elementor-element elementor-element-1f30570 elementor-widget elementor-widget-heading\" data-id=\"1f30570\" data-element_type=\"widget\" data-widget_type=\"heading.default\">\n\t\t\t\t<div class=\"elementor-widget-container\">\n\t\t\t<h2 class=\"elementor-heading-title elementor-size-default\"><b>Para Manufactura<\/b><\/h2>\t\t<\/div>\n\t\t\t\t<\/div>\n\t\t\t\t<div class=\"elementor-element elementor-element-4132036 elementor-widget elementor-widget-heading\" data-id=\"4132036\" data-element_type=\"widget\" data-widget_type=\"heading.default\">\n\t\t\t\t<div class=\"elementor-widget-container\">\n\t\t\t<h2 class=\"elementor-heading-title elementor-size-default\"><b>De Dispositivos M\u00e9dicos<\/b><\/h2>\t\t<\/div>\n\t\t\t\t<\/div>\n\t\t\t\t<div class=\"elementor-element elementor-element-22db6f9 elementor-widget elementor-widget-text-editor\" data-id=\"22db6f9\" data-element_type=\"widget\" data-widget_type=\"text-editor.default\">\n\t\t\t\t<div class=\"elementor-widget-container\">\n\t\t\t\t\t\t\t<p>Contamos con un equipo de amplia experiencia en el dise\u00f1o y fabricaci\u00f3n de la infraestructura especializada para empresas de dispositivos m\u00e9dicos con est\u00e1ndares normativos nacionales e internacionales.<\/p><p>Estamos preparados para ayudarte a desarrollar nuevas l\u00edneas productivas, optimizar los procesos productivos actuales partiendo de un minucioso an\u00e1lisis de dise\u00f1o, una selecci\u00f3n especializada de proveedores certificados y acompa\u00f1\u00e1ndote durante todo el proceso hasta la obtenci\u00f3n del resultado final aport\u00e1ndole un valor agregado a los procesos y productos que les permitan diferenciarse en el mercado de la competencia.<\/p>\t\t\t\t\t\t<\/div>\n\t\t\t\t<\/div>\n\t\t\t\t<div class=\"elementor-element elementor-element-f1a56f9 elementor-widget elementor-widget-spacer\" data-id=\"f1a56f9\" data-element_type=\"widget\" data-widget_type=\"spacer.default\">\n\t\t\t\t<div class=\"elementor-widget-container\">\n\t\t\t\t\t<div class=\"elementor-spacer\">\n\t\t\t<div class=\"elementor-spacer-inner\"><\/div>\n\t\t<\/div>\n\t\t\t\t<\/div>\n\t\t\t\t<\/div>\n\t\t\t\t\t<\/div>\n\t\t<\/div>\n\t\t\t\t<div class=\"elementor-column elementor-col-50 elementor-top-column elementor-element elementor-element-af0ff4f\" data-id=\"af0ff4f\" data-element_type=\"column\" data-settings=\"{&quot;animation_mobile&quot;:&quot;fadeInUp&quot;}\">\n\t\t\t<div class=\"elementor-widget-wrap elementor-element-populated\">\n\t\t\t\t\t\t<div class=\"elementor-element elementor-element-83ef99b animated-slow elementor-invisible elementor-widget elementor-widget-image\" data-id=\"83ef99b\" data-element_type=\"widget\" data-settings=\"{&quot;_animation&quot;:&quot;fadeInRight&quot;,&quot;_animation_tablet&quot;:&quot;fadeIn&quot;,&quot;_animation_mobile&quot;:&quot;fadeInUp&quot;}\" data-widget_type=\"image.default\">\n\t\t\t\t<div class=\"elementor-widget-container\">\n\t\t\t\t\t\t\t\t\t\t\t\t\t<img fetchpriority=\"high\" decoding=\"async\" width=\"830\" height=\"554\" src=\"https:\/\/mageotec.com.mx\/wp-content\/uploads\/2021\/11\/MGO_build_01-1024x683.jpg\" class=\"attachment-large size-large wp-image-1352\" alt=\"\" srcset=\"https:\/\/mageotec.com.mx\/wp-content\/uploads\/2021\/11\/MGO_build_01-1024x683.jpg 1024w, https:\/\/mageotec.com.mx\/wp-content\/uploads\/2021\/11\/MGO_build_01-300x200.jpg 300w, https:\/\/mageotec.com.mx\/wp-content\/uploads\/2021\/11\/MGO_build_01-768x512.jpg 768w, https:\/\/mageotec.com.mx\/wp-content\/uploads\/2021\/11\/MGO_build_01-850x567.jpg 850w, https:\/\/mageotec.com.mx\/wp-content\/uploads\/2021\/11\/MGO_build_01.jpg 1080w\" sizes=\"(max-width: 830px) 100vw, 830px\" \/>\t\t\t\t\t\t\t\t\t\t\t\t\t<\/div>\n\t\t\t\t<\/div>\n\t\t\t\t\t<\/div>\n\t\t<\/div>\n\t\t\t\t\t<\/div>\n\t\t<\/section>\n\t\t\t\t<section class=\"elementor-section elementor-top-section elementor-element elementor-element-4efbdc1 elementor-section-boxed elementor-section-height-default elementor-section-height-default elementor-invisible\" data-id=\"4efbdc1\" data-element_type=\"section\" data-settings=\"{&quot;background_background&quot;:&quot;classic&quot;,&quot;animation&quot;:&quot;fadeIn&quot;}\">\n\t\t\t\t\t\t<div class=\"elementor-container elementor-column-gap-default\">\n\t\t\t\t\t<div class=\"elementor-column elementor-col-100 elementor-top-column elementor-element elementor-element-ee123fb\" data-id=\"ee123fb\" data-element_type=\"column\">\n\t\t\t<div class=\"elementor-widget-wrap elementor-element-populated\">\n\t\t\t\t\t\t<div class=\"elementor-element elementor-element-439e61c elementor-widget-divider--view-line elementor-widget elementor-widget-divider\" data-id=\"439e61c\" data-element_type=\"widget\" data-widget_type=\"divider.default\">\n\t\t\t\t<div class=\"elementor-widget-container\">\n\t\t\t\t\t<div class=\"elementor-divider\">\n\t\t\t<span class=\"elementor-divider-separator\">\n\t\t\t\t\t\t<\/span>\n\t\t<\/div>\n\t\t\t\t<\/div>\n\t\t\t\t<\/div>\n\t\t\t\t\t<\/div>\n\t\t<\/div>\n\t\t\t\t\t<\/div>\n\t\t<\/section>\n\t\t\t\t<section class=\"elementor-section elementor-top-section elementor-element elementor-element-5794eb10 elementor-section-boxed elementor-section-height-default elementor-section-height-default\" data-id=\"5794eb10\" data-element_type=\"section\" data-settings=\"{&quot;background_background&quot;:&quot;classic&quot;}\">\n\t\t\t\t\t\t<div class=\"elementor-container elementor-column-gap-default\">\n\t\t\t\t\t<div class=\"elementor-column elementor-col-33 elementor-top-column elementor-element elementor-element-55ccaa1f\" data-id=\"55ccaa1f\" data-element_type=\"column\">\n\t\t\t<div class=\"elementor-widget-wrap\">\n\t\t\t\t\t\t\t<\/div>\n\t\t<\/div>\n\t\t\t\t<div class=\"elementor-column elementor-col-33 elementor-top-column elementor-element elementor-element-6fbbb3ad\" data-id=\"6fbbb3ad\" data-element_type=\"column\">\n\t\t\t<div class=\"elementor-widget-wrap elementor-element-populated\">\n\t\t\t\t\t\t<div class=\"elementor-element elementor-element-cb6efbd elementor-widget elementor-widget-text-editor\" data-id=\"cb6efbd\" data-element_type=\"widget\" data-widget_type=\"text-editor.default\">\n\t\t\t\t<div class=\"elementor-widget-container\">\n\t\t\t\t\t\t\t<p>Encuentra resultados sobre nuestras investigaciones y casos de \u00e9xito<\/p>\t\t\t\t\t\t<\/div>\n\t\t\t\t<\/div>\n\t\t\t\t<div class=\"elementor-element elementor-element-3d44cc43 elementor-shape-circle elementor-grid-0 e-grid-align-center elementor-widget elementor-widget-social-icons\" data-id=\"3d44cc43\" data-element_type=\"widget\" data-widget_type=\"social-icons.default\">\n\t\t\t\t<div class=\"elementor-widget-container\">\n\t\t\t\t\t<div class=\"elementor-social-icons-wrapper elementor-grid\">\n\t\t\t\t\t\t\t<span class=\"elementor-grid-item\">\n\t\t\t\t\t<a class=\"elementor-icon elementor-social-icon elementor-social-icon-facebook elementor-animation-shrink elementor-repeater-item-f920136\" target=\"_blank\">\n\t\t\t\t\t\t<span class=\"elementor-screen-only\">Facebook<\/span>\n\t\t\t\t\t\t<i class=\"fab fa-facebook\"><\/i>\t\t\t\t\t<\/a>\n\t\t\t\t<\/span>\n\t\t\t\t\t\t\t<span class=\"elementor-grid-item\">\n\t\t\t\t\t<a class=\"elementor-icon elementor-social-icon elementor-social-icon-instagram elementor-animation-shrink elementor-repeater-item-a1ce0f4\" target=\"_blank\">\n\t\t\t\t\t\t<span class=\"elementor-screen-only\">Instagram<\/span>\n\t\t\t\t\t\t<i class=\"fab fa-instagram\"><\/i>\t\t\t\t\t<\/a>\n\t\t\t\t<\/span>\n\t\t\t\t\t\t\t<span class=\"elementor-grid-item\">\n\t\t\t\t\t<a class=\"elementor-icon elementor-social-icon elementor-social-icon-linkedin elementor-animation-shrink elementor-repeater-item-d51c1d6\" target=\"_blank\">\n\t\t\t\t\t\t<span class=\"elementor-screen-only\">Linkedin<\/span>\n\t\t\t\t\t\t<i class=\"fab fa-linkedin\"><\/i>\t\t\t\t\t<\/a>\n\t\t\t\t<\/span>\n\t\t\t\t\t<\/div>\n\t\t\t\t<\/div>\n\t\t\t\t<\/div>\n\t\t\t\t\t<\/div>\n\t\t<\/div>\n\t\t\t\t<div class=\"elementor-column elementor-col-33 elementor-top-column elementor-element elementor-element-727c3eb8\" data-id=\"727c3eb8\" data-element_type=\"column\">\n\t\t\t<div class=\"elementor-widget-wrap elementor-element-populated\">\n\t\t\t\t\t\t<div class=\"elementor-element elementor-element-1067756a elementor-align-right elementor-mobile-align-center elementor-widget elementor-widget-button\" data-id=\"1067756a\" data-element_type=\"widget\" data-widget_type=\"button.default\">\n\t\t\t\t<div class=\"elementor-widget-container\">\n\t\t\t\t\t<div class=\"elementor-button-wrapper\">\n\t\t\t<a class=\"elementor-button elementor-button-link elementor-size-sm\" href=\"https:\/\/mageotec.com.mx\/index.php\/contactenos\/\">\n\t\t\t\t\t\t<span class=\"elementor-button-content-wrapper\">\n\t\t\t\t\t\t<span class=\"elementor-button-text\">Cont\u00e1ctenos<\/span>\n\t\t<\/span>\n\t\t\t\t\t<\/a>\n\t\t<\/div>\n\t\t\t\t<\/div>\n\t\t\t\t<\/div>\n\t\t\t\t\t<\/div>\n\t\t<\/div>\n\t\t\t\t\t<\/div>\n\t\t<\/section>\n\t\t\t\t<section class=\"elementor-section elementor-top-section elementor-element elementor-element-6d9ac77 elementor-section-full_width elementor-section-height-default elementor-section-height-default\" data-id=\"6d9ac77\" data-element_type=\"section\" data-settings=\"{&quot;background_background&quot;:&quot;classic&quot;}\">\n\t\t\t\t\t\t<div class=\"elementor-container elementor-column-gap-default\">\n\t\t\t\t\t<div class=\"elementor-column elementor-col-100 elementor-top-column elementor-element elementor-element-7a4c928e\" data-id=\"7a4c928e\" data-element_type=\"column\">\n\t\t\t<div class=\"elementor-widget-wrap elementor-element-populated\">\n\t\t\t\t\t\t<div class=\"elementor-element elementor-element-4a7a6e52 elementor-widget elementor-widget-text-editor\" data-id=\"4a7a6e52\" data-element_type=\"widget\" data-widget_type=\"text-editor.default\">\n\t\t\t\t<div class=\"elementor-widget-container\">\n\t\t\t\t\t\t\t<p>\u00a9\u00a0<span id=\"cs-year\">2021<\/span> MAGEOTEC. Todos los Derechos Reservados.<\/p>\t\t\t\t\t\t<\/div>\n\t\t\t\t<\/div>\n\t\t\t\t<div class=\"elementor-element elementor-element-7689a99a elementor-widget elementor-widget-text-editor\" data-id=\"7689a99a\" data-element_type=\"widget\" data-widget_type=\"text-editor.default\">\n\t\t\t\t<div class=\"elementor-widget-container\">\n\t\t\t\t\t\t\t<p><a href=\"https:\/\/mageotec.com.mx\/index.php\/condiciones-de-uso\/\"><span style=\"color: #ffffff;\">Condiciones de Uso<\/span><\/a> &amp; <a href=\"https:\/\/mageotec.com.mx\/index.php\/politicas-de-privacidad\/\"><span style=\"color: #ffffff;\">Pol\u00edticas de Privacidad<\/span><\/a><\/p>\t\t\t\t\t\t<\/div>\n\t\t\t\t<\/div>\n\t\t\t\t\t<\/div>\n\t\t<\/div>\n\t\t\t\t\t<\/div>\n\t\t<\/section>\n\t\t\t\t<\/div>\n\t\t","protected":false},"excerpt":{"rendered":"<p>Consultoria y Dise\u00f1o de Plantas Para Manufactura de Dispositivos M\u00e9dicos CONSULTORIA Dise\u00f1o De Plantas Para Manufactura De Dispositivos M\u00e9dicos Contamos con un equipo de amplia experiencia en el dise\u00f1o y fabricaci\u00f3n de la infraestructura especializada para empresas de dispositivos m\u00e9dicos con est\u00e1ndares normativos nacionales e internacionales. Estamos preparados para ayudarte a desarrollar nuevas l\u00edneas productivas,&hellip;<\/p>\n","protected":false},"author":2,"featured_media":0,"parent":0,"menu_order":0,"comment_status":"closed","ping_status":"closed","template":"","meta":{"footnotes":""},"yoast_head":"<!-- This site is optimized with the Yoast SEO plugin v20.2.1 - https:\/\/yoast.com\/wordpress\/plugins\/seo\/ -->\n<title>Dise\u00f1o de infraestructura para la fabricaci\u00f3n y empaque de dispositivos m\u00e9dicos - Mageotec<\/title>\n<meta name=\"robots\" content=\"index, follow, max-snippet:-1, max-image-preview:large, max-video-preview:-1\" \/>\n<link rel=\"canonical\" href=\"https:\/\/mageotec.com.mx\/index.php\/infraestructura\/\" \/>\n<meta property=\"og:locale\" content=\"es_ES\" \/>\n<meta property=\"og:type\" content=\"article\" \/>\n<meta property=\"og:title\" content=\"Dise\u00f1o de infraestructura para la fabricaci\u00f3n y empaque de dispositivos m\u00e9dicos - Mageotec\" \/>\n<meta property=\"og:description\" content=\"Consultoria y Dise\u00f1o de Plantas Para Manufactura de Dispositivos M\u00e9dicos CONSULTORIA Dise\u00f1o De Plantas Para Manufactura De Dispositivos M\u00e9dicos Contamos con un equipo de amplia experiencia en el dise\u00f1o y fabricaci\u00f3n de la infraestructura especializada para empresas de dispositivos m\u00e9dicos con est\u00e1ndares normativos nacionales e internacionales. Estamos preparados para ayudarte a desarrollar nuevas l\u00edneas productivas,&hellip;\" \/>\n<meta property=\"og:url\" content=\"https:\/\/mageotec.com.mx\/index.php\/infraestructura\/\" \/>\n<meta property=\"og:site_name\" content=\"Mageotec\" \/>\n<meta property=\"article:modified_time\" content=\"2021-12-07T23:36:05+00:00\" \/>\n<meta property=\"og:image\" content=\"https:\/\/mageotec.com.mx\/wp-content\/uploads\/2021\/11\/MGO_build_01-1024x683.jpg\" \/>\n<meta name=\"twitter:card\" content=\"summary_large_image\" \/>\n<meta name=\"twitter:label1\" content=\"Tiempo de lectura\" \/>\n\t<meta name=\"twitter:data1\" content=\"1 minuto\" \/>\n<script type=\"application\/ld+json\" class=\"yoast-schema-graph\">{\"@context\":\"https:\/\/schema.org\",\"@graph\":[{\"@type\":\"WebPage\",\"@id\":\"https:\/\/mageotec.com.mx\/index.php\/infraestructura\/\",\"url\":\"https:\/\/mageotec.com.mx\/index.php\/infraestructura\/\",\"name\":\"Dise\u00f1o de infraestructura para la fabricaci\u00f3n y empaque de dispositivos m\u00e9dicos - Mageotec\",\"isPartOf\":{\"@id\":\"https:\/\/mageotec.com.mx\/#website\"},\"datePublished\":\"2021-05-10T18:23:37+00:00\",\"dateModified\":\"2021-12-07T23:36:05+00:00\",\"breadcrumb\":{\"@id\":\"https:\/\/mageotec.com.mx\/index.php\/infraestructura\/#breadcrumb\"},\"inLanguage\":\"es\",\"potentialAction\":[{\"@type\":\"ReadAction\",\"target\":[\"https:\/\/mageotec.com.mx\/index.php\/infraestructura\/\"]}]},{\"@type\":\"BreadcrumbList\",\"@id\":\"https:\/\/mageotec.com.mx\/index.php\/infraestructura\/#breadcrumb\",\"itemListElement\":[{\"@type\":\"ListItem\",\"position\":1,\"name\":\"Portada\",\"item\":\"https:\/\/mageotec.com.mx\/\"},{\"@type\":\"ListItem\",\"position\":2,\"name\":\"Dise\u00f1o de infraestructura para la fabricaci\u00f3n y empaque de dispositivos m\u00e9dicos\"}]},{\"@type\":\"WebSite\",\"@id\":\"https:\/\/mageotec.com.mx\/#website\",\"url\":\"https:\/\/mageotec.com.mx\/\",\"name\":\"Mageotec\",\"description\":\"\",\"publisher\":{\"@id\":\"https:\/\/mageotec.com.mx\/#organization\"},\"potentialAction\":[{\"@type\":\"SearchAction\",\"target\":{\"@type\":\"EntryPoint\",\"urlTemplate\":\"https:\/\/mageotec.com.mx\/?s={search_term_string}\"},\"query-input\":\"required name=search_term_string\"}],\"inLanguage\":\"es\"},{\"@type\":\"Organization\",\"@id\":\"https:\/\/mageotec.com.mx\/#organization\",\"name\":\"Mageotec\",\"url\":\"https:\/\/mageotec.com.mx\/\",\"logo\":{\"@type\":\"ImageObject\",\"inLanguage\":\"es\",\"@id\":\"https:\/\/mageotec.com.mx\/#\/schema\/logo\/image\/\",\"url\":\"https:\/\/mageotec.com.mx\/wp-content\/uploads\/2021\/04\/cropped-1-1.png\",\"contentUrl\":\"https:\/\/mageotec.com.mx\/wp-content\/uploads\/2021\/04\/cropped-1-1.png\",\"width\":367,\"height\":89,\"caption\":\"Mageotec\"},\"image\":{\"@id\":\"https:\/\/mageotec.com.mx\/#\/schema\/logo\/image\/\"}}]}<\/script>\n<!-- \/ Yoast SEO plugin. -->","yoast_head_json":{"title":"Dise\u00f1o de infraestructura para la fabricaci\u00f3n y empaque de dispositivos m\u00e9dicos - Mageotec","robots":{"index":"index","follow":"follow","max-snippet":"max-snippet:-1","max-image-preview":"max-image-preview:large","max-video-preview":"max-video-preview:-1"},"canonical":"https:\/\/mageotec.com.mx\/index.php\/infraestructura\/","og_locale":"es_ES","og_type":"article","og_title":"Dise\u00f1o de infraestructura para la fabricaci\u00f3n y empaque de dispositivos m\u00e9dicos - Mageotec","og_description":"Consultoria y Dise\u00f1o de Plantas Para Manufactura de Dispositivos M\u00e9dicos CONSULTORIA Dise\u00f1o De Plantas Para Manufactura De Dispositivos M\u00e9dicos Contamos con un equipo de amplia experiencia en el dise\u00f1o y fabricaci\u00f3n de la infraestructura especializada para empresas de dispositivos m\u00e9dicos con est\u00e1ndares normativos nacionales e internacionales. Estamos preparados para ayudarte a desarrollar nuevas l\u00edneas productivas,&hellip;","og_url":"https:\/\/mageotec.com.mx\/index.php\/infraestructura\/","og_site_name":"Mageotec","article_modified_time":"2021-12-07T23:36:05+00:00","og_image":[{"url":"https:\/\/mageotec.com.mx\/wp-content\/uploads\/2021\/11\/MGO_build_01-1024x683.jpg"}],"twitter_card":"summary_large_image","twitter_misc":{"Tiempo de lectura":"1 minuto"},"schema":{"@context":"https:\/\/schema.org","@graph":[{"@type":"WebPage","@id":"https:\/\/mageotec.com.mx\/index.php\/infraestructura\/","url":"https:\/\/mageotec.com.mx\/index.php\/infraestructura\/","name":"Dise\u00f1o de infraestructura para la fabricaci\u00f3n y empaque de dispositivos m\u00e9dicos - Mageotec","isPartOf":{"@id":"https:\/\/mageotec.com.mx\/#website"},"datePublished":"2021-05-10T18:23:37+00:00","dateModified":"2021-12-07T23:36:05+00:00","breadcrumb":{"@id":"https:\/\/mageotec.com.mx\/index.php\/infraestructura\/#breadcrumb"},"inLanguage":"es","potentialAction":[{"@type":"ReadAction","target":["https:\/\/mageotec.com.mx\/index.php\/infraestructura\/"]}]},{"@type":"BreadcrumbList","@id":"https:\/\/mageotec.com.mx\/index.php\/infraestructura\/#breadcrumb","itemListElement":[{"@type":"ListItem","position":1,"name":"Portada","item":"https:\/\/mageotec.com.mx\/"},{"@type":"ListItem","position":2,"name":"Dise\u00f1o de infraestructura para la fabricaci\u00f3n y empaque de dispositivos m\u00e9dicos"}]},{"@type":"WebSite","@id":"https:\/\/mageotec.com.mx\/#website","url":"https:\/\/mageotec.com.mx\/","name":"Mageotec","description":"","publisher":{"@id":"https:\/\/mageotec.com.mx\/#organization"},"potentialAction":[{"@type":"SearchAction","target":{"@type":"EntryPoint","urlTemplate":"https:\/\/mageotec.com.mx\/?s={search_term_string}"},"query-input":"required name=search_term_string"}],"inLanguage":"es"},{"@type":"Organization","@id":"https:\/\/mageotec.com.mx\/#organization","name":"Mageotec","url":"https:\/\/mageotec.com.mx\/","logo":{"@type":"ImageObject","inLanguage":"es","@id":"https:\/\/mageotec.com.mx\/#\/schema\/logo\/image\/","url":"https:\/\/mageotec.com.mx\/wp-content\/uploads\/2021\/04\/cropped-1-1.png","contentUrl":"https:\/\/mageotec.com.mx\/wp-content\/uploads\/2021\/04\/cropped-1-1.png","width":367,"height":89,"caption":"Mageotec"},"image":{"@id":"https:\/\/mageotec.com.mx\/#\/schema\/logo\/image\/"}}]}},"_links":{"self":[{"href":"https:\/\/mageotec.com.mx\/index.php\/wp-json\/wp\/v2\/pages\/882"}],"collection":[{"href":"https:\/\/mageotec.com.mx\/index.php\/wp-json\/wp\/v2\/pages"}],"about":[{"href":"https:\/\/mageotec.com.mx\/index.php\/wp-json\/wp\/v2\/types\/page"}],"author":[{"embeddable":true,"href":"https:\/\/mageotec.com.mx\/index.php\/wp-json\/wp\/v2\/users\/2"}],"replies":[{"embeddable":true,"href":"https:\/\/mageotec.com.mx\/index.php\/wp-json\/wp\/v2\/comments?post=882"}],"version-history":[{"count":82,"href":"https:\/\/mageotec.com.mx\/index.php\/wp-json\/wp\/v2\/pages\/882\/revisions"}],"predecessor-version":[{"id":2985,"href":"https:\/\/mageotec.com.mx\/index.php\/wp-json\/wp\/v2\/pages\/882\/revisions\/2985"}],"wp:attachment":[{"href":"https:\/\/mageotec.com.mx\/index.php\/wp-json\/wp\/v2\/media?parent=882"}],"curies":[{"name":"wp","href":"https:\/\/api.w.org\/{rel}","templated":true}]}}