{"id":865,"date":"2021-05-10T18:05:05","date_gmt":"2021-05-10T18:05:05","guid":{"rendered":"https:\/\/mageotec.com.mx\/?page_id=865"},"modified":"2021-12-07T23:31:52","modified_gmt":"2021-12-07T23:31:52","slug":"asesoria","status":"publish","type":"page","link":"https:\/\/mageotec.com.mx\/index.php\/asesoria\/","title":{"rendered":"Asesor\u00eda en gesti\u00f3n de proyectos de innovaci\u00f3n."},"content":{"rendered":"\t\t<div data-elementor-type=\"wp-post\" data-elementor-id=\"865\" class=\"elementor elementor-865\">\n\t\t\t\t\t\t<section class=\"elementor-section elementor-top-section elementor-element elementor-element-5a43f05 elementor-section-height-min-height elementor-section-boxed elementor-section-height-default elementor-section-items-middle\" data-id=\"5a43f05\" data-element_type=\"section\" data-settings=\"{&quot;background_background&quot;:&quot;classic&quot;}\" data-e-bg-lazyload=\"\">\n\t\t\t\t\t\t\t<div class=\"elementor-background-overlay\"><\/div>\n\t\t\t\t\t\t\t<div class=\"elementor-container elementor-column-gap-default\">\n\t\t\t\t\t<div class=\"elementor-column elementor-col-100 elementor-top-column elementor-element elementor-element-c0c5e2c elementor-hidden-phone\" data-id=\"c0c5e2c\" data-element_type=\"column\">\n\t\t\t<div class=\"elementor-widget-wrap elementor-element-populated\">\n\t\t\t\t\t\t<div class=\"elementor-element elementor-element-453ac6b elementor-widget elementor-widget-heading\" data-id=\"453ac6b\" data-element_type=\"widget\" data-widget_type=\"heading.default\">\n\t\t\t\t<div class=\"elementor-widget-container\">\n\t\t\t<h2 class=\"elementor-heading-title elementor-size-default\">Consultor\u00eda y gesti\u00f3n de proyectos ingieneriles<\/h2>\t\t<\/div>\n\t\t\t\t<\/div>\n\t\t\t\t\t<\/div>\n\t\t<\/div>\n\t\t\t\t\t<\/div>\n\t\t<\/section>\n\t\t\t\t<section class=\"elementor-section elementor-top-section elementor-element elementor-element-7185844 elementor-section-boxed elementor-section-height-default elementor-section-height-default elementor-invisible\" data-id=\"7185844\" data-element_type=\"section\" data-settings=\"{&quot;background_background&quot;:&quot;classic&quot;,&quot;animation&quot;:&quot;fadeIn&quot;}\">\n\t\t\t\t\t\t<div class=\"elementor-container elementor-column-gap-default\">\n\t\t\t\t\t<div class=\"elementor-column elementor-col-50 elementor-top-column elementor-element elementor-element-93dab5d elementor-invisible\" data-id=\"93dab5d\" data-element_type=\"column\" data-settings=\"{&quot;background_background&quot;:&quot;classic&quot;,&quot;animation&quot;:&quot;fadeInLeft&quot;,&quot;animation_tablet&quot;:&quot;fadeInUp&quot;,&quot;animation_mobile&quot;:&quot;fadeInUp&quot;}\">\n\t\t\t<div class=\"elementor-widget-wrap elementor-element-populated\">\n\t\t\t\t\t\t<div class=\"elementor-element elementor-element-cef47c5 elementor-widget elementor-widget-spacer\" data-id=\"cef47c5\" data-element_type=\"widget\" data-widget_type=\"spacer.default\">\n\t\t\t\t<div class=\"elementor-widget-container\">\n\t\t\t\t\t<div class=\"elementor-spacer\">\n\t\t\t<div class=\"elementor-spacer-inner\"><\/div>\n\t\t<\/div>\n\t\t\t\t<\/div>\n\t\t\t\t<\/div>\n\t\t\t\t<div class=\"elementor-element elementor-element-f821874 elementor-widget elementor-widget-heading\" data-id=\"f821874\" data-element_type=\"widget\" data-widget_type=\"heading.default\">\n\t\t\t\t<div class=\"elementor-widget-container\">\n\t\t\t<h2 class=\"elementor-heading-title elementor-size-default\">CONSULTORIA<\/h2>\t\t<\/div>\n\t\t\t\t<\/div>\n\t\t\t\t<div class=\"elementor-element elementor-element-c7fc5de elementor-widget elementor-widget-heading\" data-id=\"c7fc5de\" data-element_type=\"widget\" data-widget_type=\"heading.default\">\n\t\t\t\t<div class=\"elementor-widget-container\">\n\t\t\t<h2 class=\"elementor-heading-title elementor-size-default\">Gesti\u00f3n De<\/h2>\t\t<\/div>\n\t\t\t\t<\/div>\n\t\t\t\t<div class=\"elementor-element elementor-element-52d08ed elementor-widget elementor-widget-heading\" data-id=\"52d08ed\" data-element_type=\"widget\" data-widget_type=\"heading.default\">\n\t\t\t\t<div class=\"elementor-widget-container\">\n\t\t\t<h2 class=\"elementor-heading-title elementor-size-default\"><b>Proyectos Ingeneriles<\/b><\/h2>\t\t<\/div>\n\t\t\t\t<\/div>\n\t\t\t\t<div class=\"elementor-element elementor-element-f7a350c elementor-widget elementor-widget-text-editor\" data-id=\"f7a350c\" data-element_type=\"widget\" data-widget_type=\"text-editor.default\">\n\t\t\t\t<div class=\"elementor-widget-container\">\n\t\t\t\t\t\t\t<p>Contamos con un equipo especializado en el \u00e1rea de la ingenier\u00eda mec\u00e1nica y biomateriales de amplia experiencia en el desarrollo de proyectos ingenieriles, premiados nacional e internacionalmente en el sector industrial e investigativo que pueden ayudarte a conseguir los resultados esperados optimizando tiempo y recursos en el proceso.<\/p>\t\t\t\t\t\t<\/div>\n\t\t\t\t<\/div>\n\t\t\t\t<div class=\"elementor-element elementor-element-e8b6029 elementor-widget elementor-widget-spacer\" data-id=\"e8b6029\" data-element_type=\"widget\" data-widget_type=\"spacer.default\">\n\t\t\t\t<div class=\"elementor-widget-container\">\n\t\t\t\t\t<div class=\"elementor-spacer\">\n\t\t\t<div class=\"elementor-spacer-inner\"><\/div>\n\t\t<\/div>\n\t\t\t\t<\/div>\n\t\t\t\t<\/div>\n\t\t\t\t\t<\/div>\n\t\t<\/div>\n\t\t\t\t<div class=\"elementor-column elementor-col-50 elementor-top-column elementor-element elementor-element-bcde214 elementor-invisible\" data-id=\"bcde214\" data-element_type=\"column\" data-settings=\"{&quot;animation&quot;:&quot;fadeInRight&quot;,&quot;animation_tablet&quot;:&quot;fadeInUp&quot;,&quot;animation_mobile&quot;:&quot;fadeInUp&quot;}\">\n\t\t\t<div class=\"elementor-widget-wrap elementor-element-populated\">\n\t\t\t\t\t\t<div class=\"elementor-element elementor-element-12c70e8 elementor-widget elementor-widget-image\" data-id=\"12c70e8\" data-element_type=\"widget\" data-widget_type=\"image.default\">\n\t\t\t\t<div class=\"elementor-widget-container\">\n\t\t\t\t\t\t\t\t\t\t\t\t\t<img fetchpriority=\"high\" decoding=\"async\" width=\"830\" height=\"554\" src=\"https:\/\/mageotec.com.mx\/wp-content\/uploads\/2021\/11\/MGO_build2_27-1024x683.jpg\" class=\"attachment-large size-large wp-image-1421\" alt=\"\" srcset=\"https:\/\/mageotec.com.mx\/wp-content\/uploads\/2021\/11\/MGO_build2_27-1024x683.jpg 1024w, https:\/\/mageotec.com.mx\/wp-content\/uploads\/2021\/11\/MGO_build2_27-300x200.jpg 300w, https:\/\/mageotec.com.mx\/wp-content\/uploads\/2021\/11\/MGO_build2_27-768x512.jpg 768w, https:\/\/mageotec.com.mx\/wp-content\/uploads\/2021\/11\/MGO_build2_27-850x567.jpg 850w, https:\/\/mageotec.com.mx\/wp-content\/uploads\/2021\/11\/MGO_build2_27.jpg 1080w\" sizes=\"(max-width: 830px) 100vw, 830px\" \/>\t\t\t\t\t\t\t\t\t\t\t\t\t<\/div>\n\t\t\t\t<\/div>\n\t\t\t\t\t<\/div>\n\t\t<\/div>\n\t\t\t\t\t<\/div>\n\t\t<\/section>\n\t\t\t\t<section class=\"elementor-section elementor-top-section elementor-element elementor-element-718f89d elementor-section-boxed elementor-section-height-default elementor-section-height-default elementor-invisible\" data-id=\"718f89d\" data-element_type=\"section\" data-settings=\"{&quot;background_background&quot;:&quot;classic&quot;,&quot;animation&quot;:&quot;fadeIn&quot;}\">\n\t\t\t\t\t\t<div class=\"elementor-container elementor-column-gap-default\">\n\t\t\t\t\t<div class=\"elementor-column elementor-col-100 elementor-top-column elementor-element elementor-element-4a7dab6\" data-id=\"4a7dab6\" data-element_type=\"column\">\n\t\t\t<div class=\"elementor-widget-wrap elementor-element-populated\">\n\t\t\t\t\t\t<div class=\"elementor-element elementor-element-40f608f elementor-widget-divider--view-line elementor-widget elementor-widget-divider\" data-id=\"40f608f\" data-element_type=\"widget\" data-widget_type=\"divider.default\">\n\t\t\t\t<div class=\"elementor-widget-container\">\n\t\t\t\t\t<div class=\"elementor-divider\">\n\t\t\t<span class=\"elementor-divider-separator\">\n\t\t\t\t\t\t<\/span>\n\t\t<\/div>\n\t\t\t\t<\/div>\n\t\t\t\t<\/div>\n\t\t\t\t\t<\/div>\n\t\t<\/div>\n\t\t\t\t\t<\/div>\n\t\t<\/section>\n\t\t\t\t<section class=\"elementor-section elementor-top-section elementor-element elementor-element-3f2401a0 elementor-section-boxed elementor-section-height-default elementor-section-height-default\" data-id=\"3f2401a0\" data-element_type=\"section\" data-settings=\"{&quot;background_background&quot;:&quot;classic&quot;}\">\n\t\t\t\t\t\t<div class=\"elementor-container elementor-column-gap-default\">\n\t\t\t\t\t<div class=\"elementor-column elementor-col-33 elementor-top-column elementor-element elementor-element-7797af76\" data-id=\"7797af76\" data-element_type=\"column\">\n\t\t\t<div class=\"elementor-widget-wrap\">\n\t\t\t\t\t\t\t<\/div>\n\t\t<\/div>\n\t\t\t\t<div class=\"elementor-column elementor-col-33 elementor-top-column elementor-element elementor-element-753ca6e7\" data-id=\"753ca6e7\" data-element_type=\"column\">\n\t\t\t<div class=\"elementor-widget-wrap elementor-element-populated\">\n\t\t\t\t\t\t<div class=\"elementor-element elementor-element-74bb5efd elementor-widget elementor-widget-text-editor\" data-id=\"74bb5efd\" data-element_type=\"widget\" data-widget_type=\"text-editor.default\">\n\t\t\t\t<div class=\"elementor-widget-container\">\n\t\t\t\t\t\t\t<p>Encuentra resultados sobre nuestras investigaciones y casos de \u00e9xito<\/p>\t\t\t\t\t\t<\/div>\n\t\t\t\t<\/div>\n\t\t\t\t<div class=\"elementor-element elementor-element-ad20827 elementor-shape-circle elementor-grid-0 e-grid-align-center elementor-widget elementor-widget-social-icons\" data-id=\"ad20827\" data-element_type=\"widget\" data-widget_type=\"social-icons.default\">\n\t\t\t\t<div class=\"elementor-widget-container\">\n\t\t\t\t\t<div class=\"elementor-social-icons-wrapper elementor-grid\">\n\t\t\t\t\t\t\t<span class=\"elementor-grid-item\">\n\t\t\t\t\t<a class=\"elementor-icon elementor-social-icon elementor-social-icon-facebook elementor-animation-shrink elementor-repeater-item-f920136\" target=\"_blank\">\n\t\t\t\t\t\t<span class=\"elementor-screen-only\">Facebook<\/span>\n\t\t\t\t\t\t<i class=\"fab fa-facebook\"><\/i>\t\t\t\t\t<\/a>\n\t\t\t\t<\/span>\n\t\t\t\t\t\t\t<span class=\"elementor-grid-item\">\n\t\t\t\t\t<a class=\"elementor-icon elementor-social-icon elementor-social-icon-instagram elementor-animation-shrink elementor-repeater-item-a1ce0f4\" target=\"_blank\">\n\t\t\t\t\t\t<span class=\"elementor-screen-only\">Instagram<\/span>\n\t\t\t\t\t\t<i class=\"fab fa-instagram\"><\/i>\t\t\t\t\t<\/a>\n\t\t\t\t<\/span>\n\t\t\t\t\t\t\t<span class=\"elementor-grid-item\">\n\t\t\t\t\t<a class=\"elementor-icon elementor-social-icon elementor-social-icon-linkedin elementor-animation-shrink elementor-repeater-item-d51c1d6\" target=\"_blank\">\n\t\t\t\t\t\t<span class=\"elementor-screen-only\">Linkedin<\/span>\n\t\t\t\t\t\t<i class=\"fab fa-linkedin\"><\/i>\t\t\t\t\t<\/a>\n\t\t\t\t<\/span>\n\t\t\t\t\t<\/div>\n\t\t\t\t<\/div>\n\t\t\t\t<\/div>\n\t\t\t\t\t<\/div>\n\t\t<\/div>\n\t\t\t\t<div class=\"elementor-column elementor-col-33 elementor-top-column elementor-element elementor-element-512fdef5\" data-id=\"512fdef5\" data-element_type=\"column\">\n\t\t\t<div class=\"elementor-widget-wrap elementor-element-populated\">\n\t\t\t\t\t\t<div class=\"elementor-element elementor-element-33f55e49 elementor-align-right elementor-mobile-align-center elementor-widget elementor-widget-button\" data-id=\"33f55e49\" data-element_type=\"widget\" data-widget_type=\"button.default\">\n\t\t\t\t<div class=\"elementor-widget-container\">\n\t\t\t\t\t<div class=\"elementor-button-wrapper\">\n\t\t\t<a class=\"elementor-button elementor-button-link elementor-size-sm\" href=\"https:\/\/mageotec.com.mx\/index.php\/contactenos\/\">\n\t\t\t\t\t\t<span class=\"elementor-button-content-wrapper\">\n\t\t\t\t\t\t<span class=\"elementor-button-text\">Cont\u00e1ctenos<\/span>\n\t\t<\/span>\n\t\t\t\t\t<\/a>\n\t\t<\/div>\n\t\t\t\t<\/div>\n\t\t\t\t<\/div>\n\t\t\t\t\t<\/div>\n\t\t<\/div>\n\t\t\t\t\t<\/div>\n\t\t<\/section>\n\t\t\t\t<section class=\"elementor-section elementor-top-section elementor-element elementor-element-340ffa88 elementor-section-full_width elementor-section-height-default elementor-section-height-default\" data-id=\"340ffa88\" data-element_type=\"section\" data-settings=\"{&quot;background_background&quot;:&quot;classic&quot;}\">\n\t\t\t\t\t\t<div class=\"elementor-container elementor-column-gap-default\">\n\t\t\t\t\t<div class=\"elementor-column elementor-col-100 elementor-top-column elementor-element elementor-element-57a83d23\" data-id=\"57a83d23\" data-element_type=\"column\">\n\t\t\t<div class=\"elementor-widget-wrap elementor-element-populated\">\n\t\t\t\t\t\t<div class=\"elementor-element elementor-element-5e5eb4e0 elementor-widget elementor-widget-text-editor\" data-id=\"5e5eb4e0\" data-element_type=\"widget\" data-widget_type=\"text-editor.default\">\n\t\t\t\t<div class=\"elementor-widget-container\">\n\t\t\t\t\t\t\t<p>\u00a9\u00a0<span id=\"cs-year\">2021<\/span> MAGEOTEC. Todos los Derechos Reservados.<\/p>\t\t\t\t\t\t<\/div>\n\t\t\t\t<\/div>\n\t\t\t\t<div class=\"elementor-element elementor-element-26ed50c0 elementor-widget elementor-widget-text-editor\" data-id=\"26ed50c0\" data-element_type=\"widget\" data-widget_type=\"text-editor.default\">\n\t\t\t\t<div class=\"elementor-widget-container\">\n\t\t\t\t\t\t\t<p><a href=\"https:\/\/mageotec.com.mx\/index.php\/condiciones-de-uso\/\"><span style=\"color: #ffffff;\">Condiciones de Uso<\/span><\/a> &amp; <a href=\"https:\/\/mageotec.com.mx\/index.php\/politicas-de-privacidad\/\"><span style=\"color: #ffffff;\">Pol\u00edticas de Privacidad<\/span><\/a><\/p>\t\t\t\t\t\t<\/div>\n\t\t\t\t<\/div>\n\t\t\t\t\t<\/div>\n\t\t<\/div>\n\t\t\t\t\t<\/div>\n\t\t<\/section>\n\t\t\t\t<\/div>\n\t\t","protected":false},"excerpt":{"rendered":"<p>Consultor\u00eda y gesti\u00f3n de proyectos ingieneriles CONSULTORIA Gesti\u00f3n De Proyectos Ingeneriles Contamos con un equipo especializado en el \u00e1rea de la ingenier\u00eda mec\u00e1nica y biomateriales de amplia experiencia en el desarrollo de proyectos ingenieriles, premiados nacional e internacionalmente en el sector industrial e investigativo que pueden ayudarte a conseguir los resultados esperados optimizando tiempo y&hellip;<\/p>\n","protected":false},"author":2,"featured_media":0,"parent":0,"menu_order":0,"comment_status":"closed","ping_status":"closed","template":"","meta":{"footnotes":""},"yoast_head":"<!-- This site is optimized with the Yoast SEO plugin v20.2.1 - https:\/\/yoast.com\/wordpress\/plugins\/seo\/ -->\n<title>Asesor\u00eda en gesti\u00f3n de proyectos de innovaci\u00f3n. - Mageotec<\/title>\n<meta name=\"robots\" content=\"index, follow, max-snippet:-1, max-image-preview:large, max-video-preview:-1\" \/>\n<link rel=\"canonical\" href=\"https:\/\/mageotec.com.mx\/index.php\/asesoria\/\" \/>\n<meta property=\"og:locale\" content=\"es_ES\" \/>\n<meta property=\"og:type\" content=\"article\" \/>\n<meta property=\"og:title\" content=\"Asesor\u00eda en gesti\u00f3n de proyectos de innovaci\u00f3n. - Mageotec\" \/>\n<meta property=\"og:description\" content=\"Consultor\u00eda y gesti\u00f3n de proyectos ingieneriles CONSULTORIA Gesti\u00f3n De Proyectos Ingeneriles Contamos con un equipo especializado en el \u00e1rea de la ingenier\u00eda mec\u00e1nica y biomateriales de amplia experiencia en el desarrollo de proyectos ingenieriles, premiados nacional e internacionalmente en el sector industrial e investigativo que pueden ayudarte a conseguir los resultados esperados optimizando tiempo y&hellip;\" \/>\n<meta property=\"og:url\" content=\"https:\/\/mageotec.com.mx\/index.php\/asesoria\/\" \/>\n<meta property=\"og:site_name\" content=\"Mageotec\" \/>\n<meta property=\"article:modified_time\" content=\"2021-12-07T23:31:52+00:00\" \/>\n<meta property=\"og:image\" content=\"https:\/\/mageotec.com.mx\/wp-content\/uploads\/2021\/11\/MGO_build2_27-1024x683.jpg\" \/>\n<meta name=\"twitter:card\" content=\"summary_large_image\" \/>\n<script type=\"application\/ld+json\" class=\"yoast-schema-graph\">{\"@context\":\"https:\/\/schema.org\",\"@graph\":[{\"@type\":\"WebPage\",\"@id\":\"https:\/\/mageotec.com.mx\/index.php\/asesoria\/\",\"url\":\"https:\/\/mageotec.com.mx\/index.php\/asesoria\/\",\"name\":\"Asesor\u00eda en gesti\u00f3n de proyectos de innovaci\u00f3n. - Mageotec\",\"isPartOf\":{\"@id\":\"https:\/\/mageotec.com.mx\/#website\"},\"datePublished\":\"2021-05-10T18:05:05+00:00\",\"dateModified\":\"2021-12-07T23:31:52+00:00\",\"breadcrumb\":{\"@id\":\"https:\/\/mageotec.com.mx\/index.php\/asesoria\/#breadcrumb\"},\"inLanguage\":\"es\",\"potentialAction\":[{\"@type\":\"ReadAction\",\"target\":[\"https:\/\/mageotec.com.mx\/index.php\/asesoria\/\"]}]},{\"@type\":\"BreadcrumbList\",\"@id\":\"https:\/\/mageotec.com.mx\/index.php\/asesoria\/#breadcrumb\",\"itemListElement\":[{\"@type\":\"ListItem\",\"position\":1,\"name\":\"Portada\",\"item\":\"https:\/\/mageotec.com.mx\/\"},{\"@type\":\"ListItem\",\"position\":2,\"name\":\"Asesor\u00eda en gesti\u00f3n de proyectos de innovaci\u00f3n.\"}]},{\"@type\":\"WebSite\",\"@id\":\"https:\/\/mageotec.com.mx\/#website\",\"url\":\"https:\/\/mageotec.com.mx\/\",\"name\":\"Mageotec\",\"description\":\"\",\"publisher\":{\"@id\":\"https:\/\/mageotec.com.mx\/#organization\"},\"potentialAction\":[{\"@type\":\"SearchAction\",\"target\":{\"@type\":\"EntryPoint\",\"urlTemplate\":\"https:\/\/mageotec.com.mx\/?s={search_term_string}\"},\"query-input\":\"required name=search_term_string\"}],\"inLanguage\":\"es\"},{\"@type\":\"Organization\",\"@id\":\"https:\/\/mageotec.com.mx\/#organization\",\"name\":\"Mageotec\",\"url\":\"https:\/\/mageotec.com.mx\/\",\"logo\":{\"@type\":\"ImageObject\",\"inLanguage\":\"es\",\"@id\":\"https:\/\/mageotec.com.mx\/#\/schema\/logo\/image\/\",\"url\":\"https:\/\/mageotec.com.mx\/wp-content\/uploads\/2021\/04\/cropped-1-1.png\",\"contentUrl\":\"https:\/\/mageotec.com.mx\/wp-content\/uploads\/2021\/04\/cropped-1-1.png\",\"width\":367,\"height\":89,\"caption\":\"Mageotec\"},\"image\":{\"@id\":\"https:\/\/mageotec.com.mx\/#\/schema\/logo\/image\/\"}}]}<\/script>\n<!-- \/ Yoast SEO plugin. -->","yoast_head_json":{"title":"Asesor\u00eda en gesti\u00f3n de proyectos de innovaci\u00f3n. - Mageotec","robots":{"index":"index","follow":"follow","max-snippet":"max-snippet:-1","max-image-preview":"max-image-preview:large","max-video-preview":"max-video-preview:-1"},"canonical":"https:\/\/mageotec.com.mx\/index.php\/asesoria\/","og_locale":"es_ES","og_type":"article","og_title":"Asesor\u00eda en gesti\u00f3n de proyectos de innovaci\u00f3n. - Mageotec","og_description":"Consultor\u00eda y gesti\u00f3n de proyectos ingieneriles CONSULTORIA Gesti\u00f3n De Proyectos Ingeneriles Contamos con un equipo especializado en el \u00e1rea de la ingenier\u00eda mec\u00e1nica y biomateriales de amplia experiencia en el desarrollo de proyectos ingenieriles, premiados nacional e internacionalmente en el sector industrial e investigativo que pueden ayudarte a conseguir los resultados esperados optimizando tiempo y&hellip;","og_url":"https:\/\/mageotec.com.mx\/index.php\/asesoria\/","og_site_name":"Mageotec","article_modified_time":"2021-12-07T23:31:52+00:00","og_image":[{"url":"https:\/\/mageotec.com.mx\/wp-content\/uploads\/2021\/11\/MGO_build2_27-1024x683.jpg"}],"twitter_card":"summary_large_image","schema":{"@context":"https:\/\/schema.org","@graph":[{"@type":"WebPage","@id":"https:\/\/mageotec.com.mx\/index.php\/asesoria\/","url":"https:\/\/mageotec.com.mx\/index.php\/asesoria\/","name":"Asesor\u00eda en gesti\u00f3n de proyectos de innovaci\u00f3n. - Mageotec","isPartOf":{"@id":"https:\/\/mageotec.com.mx\/#website"},"datePublished":"2021-05-10T18:05:05+00:00","dateModified":"2021-12-07T23:31:52+00:00","breadcrumb":{"@id":"https:\/\/mageotec.com.mx\/index.php\/asesoria\/#breadcrumb"},"inLanguage":"es","potentialAction":[{"@type":"ReadAction","target":["https:\/\/mageotec.com.mx\/index.php\/asesoria\/"]}]},{"@type":"BreadcrumbList","@id":"https:\/\/mageotec.com.mx\/index.php\/asesoria\/#breadcrumb","itemListElement":[{"@type":"ListItem","position":1,"name":"Portada","item":"https:\/\/mageotec.com.mx\/"},{"@type":"ListItem","position":2,"name":"Asesor\u00eda en gesti\u00f3n de proyectos de innovaci\u00f3n."}]},{"@type":"WebSite","@id":"https:\/\/mageotec.com.mx\/#website","url":"https:\/\/mageotec.com.mx\/","name":"Mageotec","description":"","publisher":{"@id":"https:\/\/mageotec.com.mx\/#organization"},"potentialAction":[{"@type":"SearchAction","target":{"@type":"EntryPoint","urlTemplate":"https:\/\/mageotec.com.mx\/?s={search_term_string}"},"query-input":"required name=search_term_string"}],"inLanguage":"es"},{"@type":"Organization","@id":"https:\/\/mageotec.com.mx\/#organization","name":"Mageotec","url":"https:\/\/mageotec.com.mx\/","logo":{"@type":"ImageObject","inLanguage":"es","@id":"https:\/\/mageotec.com.mx\/#\/schema\/logo\/image\/","url":"https:\/\/mageotec.com.mx\/wp-content\/uploads\/2021\/04\/cropped-1-1.png","contentUrl":"https:\/\/mageotec.com.mx\/wp-content\/uploads\/2021\/04\/cropped-1-1.png","width":367,"height":89,"caption":"Mageotec"},"image":{"@id":"https:\/\/mageotec.com.mx\/#\/schema\/logo\/image\/"}}]}},"_links":{"self":[{"href":"https:\/\/mageotec.com.mx\/index.php\/wp-json\/wp\/v2\/pages\/865"}],"collection":[{"href":"https:\/\/mageotec.com.mx\/index.php\/wp-json\/wp\/v2\/pages"}],"about":[{"href":"https:\/\/mageotec.com.mx\/index.php\/wp-json\/wp\/v2\/types\/page"}],"author":[{"embeddable":true,"href":"https:\/\/mageotec.com.mx\/index.php\/wp-json\/wp\/v2\/users\/2"}],"replies":[{"embeddable":true,"href":"https:\/\/mageotec.com.mx\/index.php\/wp-json\/wp\/v2\/comments?post=865"}],"version-history":[{"count":52,"href":"https:\/\/mageotec.com.mx\/index.php\/wp-json\/wp\/v2\/pages\/865\/revisions"}],"predecessor-version":[{"id":2976,"href":"https:\/\/mageotec.com.mx\/index.php\/wp-json\/wp\/v2\/pages\/865\/revisions\/2976"}],"wp:attachment":[{"href":"https:\/\/mageotec.com.mx\/index.php\/wp-json\/wp\/v2\/media?parent=865"}],"curies":[{"name":"wp","href":"https:\/\/api.w.org\/{rel}","templated":true}]}}