{"id":1466,"date":"2021-11-28T23:06:00","date_gmt":"2021-11-28T23:06:00","guid":{"rendered":"https:\/\/mageotec.com.mx\/?page_id=1466"},"modified":"2021-12-07T23:43:48","modified_gmt":"2021-12-07T23:43:48","slug":"consultoria","status":"publish","type":"page","link":"https:\/\/mageotec.com.mx\/index.php\/consultoria\/","title":{"rendered":"Consultor\u00eda y Capacitaci\u00f3n en biomateriales y dispositivos m\u00e9dicos"},"content":{"rendered":"\t\t<div data-elementor-type=\"wp-post\" data-elementor-id=\"1466\" class=\"elementor elementor-1466\">\n\t\t\t\t\t\t<section class=\"elementor-section elementor-top-section elementor-element elementor-element-5a43f05 elementor-section-height-min-height elementor-section-boxed elementor-section-height-default elementor-section-items-middle\" data-id=\"5a43f05\" data-element_type=\"section\" data-settings=\"{&quot;background_background&quot;:&quot;classic&quot;}\" data-e-bg-lazyload=\"\">\n\t\t\t\t\t\t\t<div class=\"elementor-background-overlay\"><\/div>\n\t\t\t\t\t\t\t<div class=\"elementor-container elementor-column-gap-default\">\n\t\t\t\t\t<div class=\"elementor-column elementor-col-100 elementor-top-column elementor-element elementor-element-e33a527 elementor-hidden-phone\" data-id=\"e33a527\" data-element_type=\"column\">\n\t\t\t<div class=\"elementor-widget-wrap elementor-element-populated\">\n\t\t\t\t\t\t<div class=\"elementor-element elementor-element-cb6b5d7 elementor-widget elementor-widget-heading\" data-id=\"cb6b5d7\" data-element_type=\"widget\" data-widget_type=\"heading.default\">\n\t\t\t\t<div class=\"elementor-widget-container\">\n\t\t\t<h2 class=\"elementor-heading-title elementor-size-default\">Consultor\u00eda y Capacitaci\u00f3n en Biomateriales<\/h2>\t\t<\/div>\n\t\t\t\t<\/div>\n\t\t\t\t\t<\/div>\n\t\t<\/div>\n\t\t\t\t\t<\/div>\n\t\t<\/section>\n\t\t\t\t<section class=\"elementor-section elementor-top-section elementor-element elementor-element-611e835 elementor-section-boxed elementor-section-height-default elementor-section-height-default elementor-invisible\" data-id=\"611e835\" data-element_type=\"section\" data-settings=\"{&quot;background_background&quot;:&quot;classic&quot;,&quot;animation&quot;:&quot;fadeIn&quot;}\">\n\t\t\t\t\t\t<div class=\"elementor-container elementor-column-gap-default\">\n\t\t\t\t\t<div class=\"elementor-column elementor-col-50 elementor-top-column elementor-element elementor-element-74a5782 elementor-invisible\" data-id=\"74a5782\" data-element_type=\"column\" data-settings=\"{&quot;background_background&quot;:&quot;classic&quot;,&quot;animation&quot;:&quot;fadeInLeft&quot;,&quot;animation_mobile&quot;:&quot;fadeInUp&quot;}\">\n\t\t\t<div class=\"elementor-widget-wrap elementor-element-populated\">\n\t\t\t\t\t\t<div class=\"elementor-element elementor-element-2c511c7 elementor-widget elementor-widget-spacer\" data-id=\"2c511c7\" data-element_type=\"widget\" data-widget_type=\"spacer.default\">\n\t\t\t\t<div class=\"elementor-widget-container\">\n\t\t\t\t\t<div class=\"elementor-spacer\">\n\t\t\t<div class=\"elementor-spacer-inner\"><\/div>\n\t\t<\/div>\n\t\t\t\t<\/div>\n\t\t\t\t<\/div>\n\t\t\t\t<div class=\"elementor-element elementor-element-2e2c54e elementor-widget elementor-widget-heading\" data-id=\"2e2c54e\" data-element_type=\"widget\" data-widget_type=\"heading.default\">\n\t\t\t\t<div class=\"elementor-widget-container\">\n\t\t\t<h2 class=\"elementor-heading-title elementor-size-default\">SERVICIO<\/h2>\t\t<\/div>\n\t\t\t\t<\/div>\n\t\t\t\t<div class=\"elementor-element elementor-element-7270d8e elementor-widget elementor-widget-heading\" data-id=\"7270d8e\" data-element_type=\"widget\" data-widget_type=\"heading.default\">\n\t\t\t\t<div class=\"elementor-widget-container\">\n\t\t\t<h2 class=\"elementor-heading-title elementor-size-default\">Consultor\u00eda y Capacitaci\u00f3n<\/h2>\t\t<\/div>\n\t\t\t\t<\/div>\n\t\t\t\t<div class=\"elementor-element elementor-element-e6187b7 elementor-widget elementor-widget-heading\" data-id=\"e6187b7\" data-element_type=\"widget\" data-widget_type=\"heading.default\">\n\t\t\t\t<div class=\"elementor-widget-container\">\n\t\t\t<h2 class=\"elementor-heading-title elementor-size-default\"><b>En Biomateriales<\/b><\/h2>\t\t<\/div>\n\t\t\t\t<\/div>\n\t\t\t\t<div class=\"elementor-element elementor-element-c3c748a elementor-widget elementor-widget-text-editor\" data-id=\"c3c748a\" data-element_type=\"widget\" data-widget_type=\"text-editor.default\">\n\t\t\t\t<div class=\"elementor-widget-container\">\n\t\t\t\t\t\t\t<p>Nuestro equipo est\u00e1 integrado por ingenieros e investigadores con m\u00e1s de 10 a\u00f1os de experiencia, los cuales nos respaldan en la investigaci\u00f3n y desarrollo de biomateriales, trabajando de la mano con los mejores investigadores del pa\u00eds pertenecientes a prestigiosas universidades y centros de investigaci\u00f3n nacionales. Adem\u00e1s, colaboramos en art\u00edculos cient\u00edficos en revistas de alto impacto sobre caracterizaciones, funcionalidades y desempe\u00f1o de los biomateriales.<\/p>\t\t\t\t\t\t<\/div>\n\t\t\t\t<\/div>\n\t\t\t\t<div class=\"elementor-element elementor-element-856d714 elementor-widget elementor-widget-spacer\" data-id=\"856d714\" data-element_type=\"widget\" data-widget_type=\"spacer.default\">\n\t\t\t\t<div class=\"elementor-widget-container\">\n\t\t\t\t\t<div class=\"elementor-spacer\">\n\t\t\t<div class=\"elementor-spacer-inner\"><\/div>\n\t\t<\/div>\n\t\t\t\t<\/div>\n\t\t\t\t<\/div>\n\t\t\t\t\t<\/div>\n\t\t<\/div>\n\t\t\t\t<div class=\"elementor-column elementor-col-50 elementor-top-column elementor-element elementor-element-ebc2e35\" data-id=\"ebc2e35\" data-element_type=\"column\" data-settings=\"{&quot;animation_mobile&quot;:&quot;fadeInUp&quot;}\">\n\t\t\t<div class=\"elementor-widget-wrap elementor-element-populated\">\n\t\t\t\t\t\t<div class=\"elementor-element elementor-element-f0148d3 animated-slow elementor-invisible elementor-widget elementor-widget-image\" data-id=\"f0148d3\" data-element_type=\"widget\" data-settings=\"{&quot;_animation&quot;:&quot;fadeInRight&quot;,&quot;_animation_tablet&quot;:&quot;fadeIn&quot;,&quot;_animation_mobile&quot;:&quot;fadeInUp&quot;}\" data-widget_type=\"image.default\">\n\t\t\t\t<div class=\"elementor-widget-container\">\n\t\t\t\t\t\t\t\t\t\t\t\t\t<img fetchpriority=\"high\" decoding=\"async\" width=\"830\" height=\"664\" src=\"https:\/\/mageotec.com.mx\/wp-content\/uploads\/2021\/11\/MGO_build2_03-1024x819.jpg\" class=\"attachment-large size-large wp-image-1411\" alt=\"\" srcset=\"https:\/\/mageotec.com.mx\/wp-content\/uploads\/2021\/11\/MGO_build2_03-1024x819.jpg 1024w, https:\/\/mageotec.com.mx\/wp-content\/uploads\/2021\/11\/MGO_build2_03-300x240.jpg 300w, https:\/\/mageotec.com.mx\/wp-content\/uploads\/2021\/11\/MGO_build2_03-768x614.jpg 768w, https:\/\/mageotec.com.mx\/wp-content\/uploads\/2021\/11\/MGO_build2_03-850x680.jpg 850w, https:\/\/mageotec.com.mx\/wp-content\/uploads\/2021\/11\/MGO_build2_03.jpg 1080w\" sizes=\"(max-width: 830px) 100vw, 830px\" \/>\t\t\t\t\t\t\t\t\t\t\t\t\t<\/div>\n\t\t\t\t<\/div>\n\t\t\t\t\t<\/div>\n\t\t<\/div>\n\t\t\t\t\t<\/div>\n\t\t<\/section>\n\t\t\t\t<section class=\"elementor-section elementor-top-section elementor-element elementor-element-4c69e2f elementor-section-boxed elementor-section-height-default elementor-section-height-default elementor-invisible\" data-id=\"4c69e2f\" data-element_type=\"section\" data-settings=\"{&quot;background_background&quot;:&quot;classic&quot;,&quot;animation&quot;:&quot;fadeIn&quot;}\">\n\t\t\t\t\t\t<div class=\"elementor-container elementor-column-gap-default\">\n\t\t\t\t\t<div class=\"elementor-column elementor-col-100 elementor-top-column elementor-element elementor-element-f303a8f\" data-id=\"f303a8f\" data-element_type=\"column\">\n\t\t\t<div class=\"elementor-widget-wrap elementor-element-populated\">\n\t\t\t\t\t\t<div class=\"elementor-element elementor-element-e37338b elementor-widget-divider--view-line elementor-widget elementor-widget-divider\" data-id=\"e37338b\" data-element_type=\"widget\" data-widget_type=\"divider.default\">\n\t\t\t\t<div class=\"elementor-widget-container\">\n\t\t\t\t\t<div class=\"elementor-divider\">\n\t\t\t<span class=\"elementor-divider-separator\">\n\t\t\t\t\t\t<\/span>\n\t\t<\/div>\n\t\t\t\t<\/div>\n\t\t\t\t<\/div>\n\t\t\t\t\t<\/div>\n\t\t<\/div>\n\t\t\t\t\t<\/div>\n\t\t<\/section>\n\t\t\t\t<section class=\"elementor-section elementor-top-section elementor-element elementor-element-56615fe6 elementor-section-boxed elementor-section-height-default elementor-section-height-default\" data-id=\"56615fe6\" data-element_type=\"section\" data-settings=\"{&quot;background_background&quot;:&quot;classic&quot;}\">\n\t\t\t\t\t\t<div class=\"elementor-container elementor-column-gap-default\">\n\t\t\t\t\t<div class=\"elementor-column elementor-col-33 elementor-top-column elementor-element elementor-element-311f9356\" data-id=\"311f9356\" data-element_type=\"column\">\n\t\t\t<div class=\"elementor-widget-wrap\">\n\t\t\t\t\t\t\t<\/div>\n\t\t<\/div>\n\t\t\t\t<div class=\"elementor-column elementor-col-33 elementor-top-column elementor-element elementor-element-5346a685\" data-id=\"5346a685\" data-element_type=\"column\">\n\t\t\t<div class=\"elementor-widget-wrap elementor-element-populated\">\n\t\t\t\t\t\t<div class=\"elementor-element elementor-element-e003b10 elementor-widget elementor-widget-text-editor\" data-id=\"e003b10\" data-element_type=\"widget\" data-widget_type=\"text-editor.default\">\n\t\t\t\t<div class=\"elementor-widget-container\">\n\t\t\t\t\t\t\t<p>Encuentra resultados sobre nuestras investigaciones y casos de \u00e9xito<\/p>\t\t\t\t\t\t<\/div>\n\t\t\t\t<\/div>\n\t\t\t\t<div class=\"elementor-element elementor-element-5af9d0d0 elementor-shape-circle elementor-grid-0 e-grid-align-center elementor-widget elementor-widget-social-icons\" data-id=\"5af9d0d0\" data-element_type=\"widget\" data-widget_type=\"social-icons.default\">\n\t\t\t\t<div class=\"elementor-widget-container\">\n\t\t\t\t\t<div class=\"elementor-social-icons-wrapper elementor-grid\">\n\t\t\t\t\t\t\t<span class=\"elementor-grid-item\">\n\t\t\t\t\t<a class=\"elementor-icon elementor-social-icon elementor-social-icon-facebook elementor-animation-shrink elementor-repeater-item-f920136\" target=\"_blank\">\n\t\t\t\t\t\t<span class=\"elementor-screen-only\">Facebook<\/span>\n\t\t\t\t\t\t<i class=\"fab fa-facebook\"><\/i>\t\t\t\t\t<\/a>\n\t\t\t\t<\/span>\n\t\t\t\t\t\t\t<span class=\"elementor-grid-item\">\n\t\t\t\t\t<a class=\"elementor-icon elementor-social-icon elementor-social-icon-instagram elementor-animation-shrink elementor-repeater-item-a1ce0f4\" target=\"_blank\">\n\t\t\t\t\t\t<span class=\"elementor-screen-only\">Instagram<\/span>\n\t\t\t\t\t\t<i class=\"fab fa-instagram\"><\/i>\t\t\t\t\t<\/a>\n\t\t\t\t<\/span>\n\t\t\t\t\t\t\t<span class=\"elementor-grid-item\">\n\t\t\t\t\t<a class=\"elementor-icon elementor-social-icon elementor-social-icon-linkedin elementor-animation-shrink elementor-repeater-item-d51c1d6\" target=\"_blank\">\n\t\t\t\t\t\t<span class=\"elementor-screen-only\">Linkedin<\/span>\n\t\t\t\t\t\t<i class=\"fab fa-linkedin\"><\/i>\t\t\t\t\t<\/a>\n\t\t\t\t<\/span>\n\t\t\t\t\t<\/div>\n\t\t\t\t<\/div>\n\t\t\t\t<\/div>\n\t\t\t\t\t<\/div>\n\t\t<\/div>\n\t\t\t\t<div class=\"elementor-column elementor-col-33 elementor-top-column elementor-element elementor-element-5daf669e\" data-id=\"5daf669e\" data-element_type=\"column\">\n\t\t\t<div class=\"elementor-widget-wrap elementor-element-populated\">\n\t\t\t\t\t\t<div class=\"elementor-element elementor-element-3be22f4b elementor-align-right elementor-mobile-align-center elementor-widget elementor-widget-button\" data-id=\"3be22f4b\" data-element_type=\"widget\" data-widget_type=\"button.default\">\n\t\t\t\t<div class=\"elementor-widget-container\">\n\t\t\t\t\t<div class=\"elementor-button-wrapper\">\n\t\t\t<a class=\"elementor-button elementor-button-link elementor-size-sm\" href=\"https:\/\/mageotec.com.mx\/index.php\/contactenos\/\">\n\t\t\t\t\t\t<span class=\"elementor-button-content-wrapper\">\n\t\t\t\t\t\t<span class=\"elementor-button-text\">Cont\u00e1ctenos<\/span>\n\t\t<\/span>\n\t\t\t\t\t<\/a>\n\t\t<\/div>\n\t\t\t\t<\/div>\n\t\t\t\t<\/div>\n\t\t\t\t\t<\/div>\n\t\t<\/div>\n\t\t\t\t\t<\/div>\n\t\t<\/section>\n\t\t\t\t<section class=\"elementor-section elementor-top-section elementor-element elementor-element-30959716 elementor-section-full_width elementor-section-height-default elementor-section-height-default\" data-id=\"30959716\" data-element_type=\"section\" data-settings=\"{&quot;background_background&quot;:&quot;classic&quot;}\">\n\t\t\t\t\t\t<div class=\"elementor-container elementor-column-gap-default\">\n\t\t\t\t\t<div class=\"elementor-column elementor-col-100 elementor-top-column elementor-element elementor-element-4b2c002\" data-id=\"4b2c002\" data-element_type=\"column\">\n\t\t\t<div class=\"elementor-widget-wrap elementor-element-populated\">\n\t\t\t\t\t\t<div class=\"elementor-element elementor-element-851f664 elementor-widget elementor-widget-text-editor\" data-id=\"851f664\" data-element_type=\"widget\" data-widget_type=\"text-editor.default\">\n\t\t\t\t<div class=\"elementor-widget-container\">\n\t\t\t\t\t\t\t<p>\u00a9\u00a0<span id=\"cs-year\">2021<\/span> MAGEOTEC. Todos los Derechos Reservados.<\/p>\t\t\t\t\t\t<\/div>\n\t\t\t\t<\/div>\n\t\t\t\t<div class=\"elementor-element elementor-element-777c2205 elementor-widget elementor-widget-text-editor\" data-id=\"777c2205\" data-element_type=\"widget\" data-widget_type=\"text-editor.default\">\n\t\t\t\t<div class=\"elementor-widget-container\">\n\t\t\t\t\t\t\t<p><a href=\"https:\/\/mageotec.com.mx\/index.php\/condiciones-de-uso\/\"><span style=\"color: #ffffff;\">Condiciones de Uso<\/span><\/a> &amp; <a href=\"https:\/\/mageotec.com.mx\/index.php\/politicas-de-privacidad\/\"><span style=\"color: #ffffff;\">Pol\u00edticas de Privacidad<\/span><\/a><\/p>\t\t\t\t\t\t<\/div>\n\t\t\t\t<\/div>\n\t\t\t\t\t<\/div>\n\t\t<\/div>\n\t\t\t\t\t<\/div>\n\t\t<\/section>\n\t\t\t\t<\/div>\n\t\t","protected":false},"excerpt":{"rendered":"<p>Consultor\u00eda y Capacitaci\u00f3n en Biomateriales SERVICIO Consultor\u00eda y Capacitaci\u00f3n En Biomateriales Nuestro equipo est\u00e1 integrado por ingenieros e investigadores con m\u00e1s de 10 a\u00f1os de experiencia, los cuales nos respaldan en la investigaci\u00f3n y desarrollo de biomateriales, trabajando de la mano con los mejores investigadores del pa\u00eds pertenecientes a prestigiosas universidades y centros de investigaci\u00f3n&hellip;<\/p>\n","protected":false},"author":2,"featured_media":0,"parent":0,"menu_order":0,"comment_status":"closed","ping_status":"closed","template":"","meta":{"footnotes":""},"yoast_head":"<!-- This site is optimized with the Yoast SEO plugin v20.2.1 - https:\/\/yoast.com\/wordpress\/plugins\/seo\/ -->\n<title>Consultor\u00eda y Capacitaci\u00f3n en biomateriales y dispositivos m\u00e9dicos - Mageotec<\/title>\n<meta name=\"robots\" content=\"index, follow, max-snippet:-1, max-image-preview:large, max-video-preview:-1\" \/>\n<link rel=\"canonical\" href=\"https:\/\/mageotec.com.mx\/index.php\/consultoria\/\" \/>\n<meta property=\"og:locale\" content=\"es_ES\" \/>\n<meta property=\"og:type\" content=\"article\" \/>\n<meta property=\"og:title\" content=\"Consultor\u00eda y Capacitaci\u00f3n en biomateriales y dispositivos m\u00e9dicos - Mageotec\" \/>\n<meta property=\"og:description\" content=\"Consultor\u00eda y Capacitaci\u00f3n en Biomateriales SERVICIO Consultor\u00eda y Capacitaci\u00f3n En Biomateriales Nuestro equipo est\u00e1 integrado por ingenieros e investigadores con m\u00e1s de 10 a\u00f1os de experiencia, los cuales nos respaldan en la investigaci\u00f3n y desarrollo de biomateriales, trabajando de la mano con los mejores investigadores del pa\u00eds pertenecientes a prestigiosas universidades y centros de investigaci\u00f3n&hellip;\" \/>\n<meta property=\"og:url\" content=\"https:\/\/mageotec.com.mx\/index.php\/consultoria\/\" \/>\n<meta property=\"og:site_name\" content=\"Mageotec\" \/>\n<meta property=\"article:modified_time\" content=\"2021-12-07T23:43:48+00:00\" \/>\n<meta property=\"og:image\" content=\"https:\/\/mageotec.com.mx\/wp-content\/uploads\/2021\/11\/MGO_build2_03-1024x819.jpg\" \/>\n<meta name=\"twitter:card\" content=\"summary_large_image\" \/>\n<meta name=\"twitter:label1\" content=\"Tiempo de lectura\" \/>\n\t<meta name=\"twitter:data1\" content=\"1 minuto\" \/>\n<script type=\"application\/ld+json\" class=\"yoast-schema-graph\">{\"@context\":\"https:\/\/schema.org\",\"@graph\":[{\"@type\":\"WebPage\",\"@id\":\"https:\/\/mageotec.com.mx\/index.php\/consultoria\/\",\"url\":\"https:\/\/mageotec.com.mx\/index.php\/consultoria\/\",\"name\":\"Consultor\u00eda y Capacitaci\u00f3n en biomateriales y dispositivos m\u00e9dicos - Mageotec\",\"isPartOf\":{\"@id\":\"https:\/\/mageotec.com.mx\/#website\"},\"datePublished\":\"2021-11-28T23:06:00+00:00\",\"dateModified\":\"2021-12-07T23:43:48+00:00\",\"breadcrumb\":{\"@id\":\"https:\/\/mageotec.com.mx\/index.php\/consultoria\/#breadcrumb\"},\"inLanguage\":\"es\",\"potentialAction\":[{\"@type\":\"ReadAction\",\"target\":[\"https:\/\/mageotec.com.mx\/index.php\/consultoria\/\"]}]},{\"@type\":\"BreadcrumbList\",\"@id\":\"https:\/\/mageotec.com.mx\/index.php\/consultoria\/#breadcrumb\",\"itemListElement\":[{\"@type\":\"ListItem\",\"position\":1,\"name\":\"Portada\",\"item\":\"https:\/\/mageotec.com.mx\/\"},{\"@type\":\"ListItem\",\"position\":2,\"name\":\"Consultor\u00eda y Capacitaci\u00f3n en biomateriales y dispositivos m\u00e9dicos\"}]},{\"@type\":\"WebSite\",\"@id\":\"https:\/\/mageotec.com.mx\/#website\",\"url\":\"https:\/\/mageotec.com.mx\/\",\"name\":\"Mageotec\",\"description\":\"\",\"publisher\":{\"@id\":\"https:\/\/mageotec.com.mx\/#organization\"},\"potentialAction\":[{\"@type\":\"SearchAction\",\"target\":{\"@type\":\"EntryPoint\",\"urlTemplate\":\"https:\/\/mageotec.com.mx\/?s={search_term_string}\"},\"query-input\":\"required name=search_term_string\"}],\"inLanguage\":\"es\"},{\"@type\":\"Organization\",\"@id\":\"https:\/\/mageotec.com.mx\/#organization\",\"name\":\"Mageotec\",\"url\":\"https:\/\/mageotec.com.mx\/\",\"logo\":{\"@type\":\"ImageObject\",\"inLanguage\":\"es\",\"@id\":\"https:\/\/mageotec.com.mx\/#\/schema\/logo\/image\/\",\"url\":\"https:\/\/mageotec.com.mx\/wp-content\/uploads\/2021\/04\/cropped-1-1.png\",\"contentUrl\":\"https:\/\/mageotec.com.mx\/wp-content\/uploads\/2021\/04\/cropped-1-1.png\",\"width\":367,\"height\":89,\"caption\":\"Mageotec\"},\"image\":{\"@id\":\"https:\/\/mageotec.com.mx\/#\/schema\/logo\/image\/\"}}]}<\/script>\n<!-- \/ Yoast SEO plugin. -->","yoast_head_json":{"title":"Consultor\u00eda y Capacitaci\u00f3n en biomateriales y dispositivos m\u00e9dicos - Mageotec","robots":{"index":"index","follow":"follow","max-snippet":"max-snippet:-1","max-image-preview":"max-image-preview:large","max-video-preview":"max-video-preview:-1"},"canonical":"https:\/\/mageotec.com.mx\/index.php\/consultoria\/","og_locale":"es_ES","og_type":"article","og_title":"Consultor\u00eda y Capacitaci\u00f3n en biomateriales y dispositivos m\u00e9dicos - Mageotec","og_description":"Consultor\u00eda y Capacitaci\u00f3n en Biomateriales SERVICIO Consultor\u00eda y Capacitaci\u00f3n En Biomateriales Nuestro equipo est\u00e1 integrado por ingenieros e investigadores con m\u00e1s de 10 a\u00f1os de experiencia, los cuales nos respaldan en la investigaci\u00f3n y desarrollo de biomateriales, trabajando de la mano con los mejores investigadores del pa\u00eds pertenecientes a prestigiosas universidades y centros de investigaci\u00f3n&hellip;","og_url":"https:\/\/mageotec.com.mx\/index.php\/consultoria\/","og_site_name":"Mageotec","article_modified_time":"2021-12-07T23:43:48+00:00","og_image":[{"url":"https:\/\/mageotec.com.mx\/wp-content\/uploads\/2021\/11\/MGO_build2_03-1024x819.jpg"}],"twitter_card":"summary_large_image","twitter_misc":{"Tiempo de lectura":"1 minuto"},"schema":{"@context":"https:\/\/schema.org","@graph":[{"@type":"WebPage","@id":"https:\/\/mageotec.com.mx\/index.php\/consultoria\/","url":"https:\/\/mageotec.com.mx\/index.php\/consultoria\/","name":"Consultor\u00eda y Capacitaci\u00f3n en biomateriales y dispositivos m\u00e9dicos - Mageotec","isPartOf":{"@id":"https:\/\/mageotec.com.mx\/#website"},"datePublished":"2021-11-28T23:06:00+00:00","dateModified":"2021-12-07T23:43:48+00:00","breadcrumb":{"@id":"https:\/\/mageotec.com.mx\/index.php\/consultoria\/#breadcrumb"},"inLanguage":"es","potentialAction":[{"@type":"ReadAction","target":["https:\/\/mageotec.com.mx\/index.php\/consultoria\/"]}]},{"@type":"BreadcrumbList","@id":"https:\/\/mageotec.com.mx\/index.php\/consultoria\/#breadcrumb","itemListElement":[{"@type":"ListItem","position":1,"name":"Portada","item":"https:\/\/mageotec.com.mx\/"},{"@type":"ListItem","position":2,"name":"Consultor\u00eda y Capacitaci\u00f3n en biomateriales y dispositivos m\u00e9dicos"}]},{"@type":"WebSite","@id":"https:\/\/mageotec.com.mx\/#website","url":"https:\/\/mageotec.com.mx\/","name":"Mageotec","description":"","publisher":{"@id":"https:\/\/mageotec.com.mx\/#organization"},"potentialAction":[{"@type":"SearchAction","target":{"@type":"EntryPoint","urlTemplate":"https:\/\/mageotec.com.mx\/?s={search_term_string}"},"query-input":"required name=search_term_string"}],"inLanguage":"es"},{"@type":"Organization","@id":"https:\/\/mageotec.com.mx\/#organization","name":"Mageotec","url":"https:\/\/mageotec.com.mx\/","logo":{"@type":"ImageObject","inLanguage":"es","@id":"https:\/\/mageotec.com.mx\/#\/schema\/logo\/image\/","url":"https:\/\/mageotec.com.mx\/wp-content\/uploads\/2021\/04\/cropped-1-1.png","contentUrl":"https:\/\/mageotec.com.mx\/wp-content\/uploads\/2021\/04\/cropped-1-1.png","width":367,"height":89,"caption":"Mageotec"},"image":{"@id":"https:\/\/mageotec.com.mx\/#\/schema\/logo\/image\/"}}]}},"_links":{"self":[{"href":"https:\/\/mageotec.com.mx\/index.php\/wp-json\/wp\/v2\/pages\/1466"}],"collection":[{"href":"https:\/\/mageotec.com.mx\/index.php\/wp-json\/wp\/v2\/pages"}],"about":[{"href":"https:\/\/mageotec.com.mx\/index.php\/wp-json\/wp\/v2\/types\/page"}],"author":[{"embeddable":true,"href":"https:\/\/mageotec.com.mx\/index.php\/wp-json\/wp\/v2\/users\/2"}],"replies":[{"embeddable":true,"href":"https:\/\/mageotec.com.mx\/index.php\/wp-json\/wp\/v2\/comments?post=1466"}],"version-history":[{"count":32,"href":"https:\/\/mageotec.com.mx\/index.php\/wp-json\/wp\/v2\/pages\/1466\/revisions"}],"predecessor-version":[{"id":3003,"href":"https:\/\/mageotec.com.mx\/index.php\/wp-json\/wp\/v2\/pages\/1466\/revisions\/3003"}],"wp:attachment":[{"href":"https:\/\/mageotec.com.mx\/index.php\/wp-json\/wp\/v2\/media?parent=1466"}],"curies":[{"name":"wp","href":"https:\/\/api.w.org\/{rel}","templated":true}]}}